
{"id":2727,"date":"2021-05-08T10:23:43","date_gmt":"2021-05-08T10:23:43","guid":{"rendered":"https:\/\/swissvetgroup.com\/?page_id=2727"},"modified":"2023-09-11T08:27:53","modified_gmt":"2023-09-11T08:27:53","slug":"wilkommen","status":"publish","type":"page","link":"https:\/\/swissvetgroup.com\/de\/","title":{"rendered":"Wilkommen"},"content":{"rendered":"\n<div class=\"wp-block-cover alignfull is-light\" style=\"min-height:486px;aspect-ratio:unset;\"><span aria-hidden=\"true\" class=\"wp-block-cover__background has-white-background-color has-background-dim-70 has-background-dim\"><\/span><video class=\"wp-block-cover__video-background intrinsic-ignore\" autoplay muted loop playsinline src=\"https:\/\/main.swissvetgroup.com\/wp-content\/uploads\/2021\/05\/Video_SVG-web.mp4\" data-object-fit=\"cover\"><\/video><div class=\"wp-block-cover__inner-container is-layout-flow wp-block-cover-is-layout-flow\">\n<h1 class=\"wp-block-heading has-text-align-center has-primary-color has-text-color has-huge-font-size\">SWISSVET GROUP<\/h1>\n\n\n\n<h3 class=\"wp-block-heading has-text-align-center has-secondary-color has-text-color\">Netzwerk von Tier\u00e4rzten f\u00fcr Tier\u00e4rzte<\/h3>\n\n\n\n<div style=\"height:58px\" aria-hidden=\"true\" class=\"wp-block-spacer\"><\/div>\n\n\n\n<p><\/p>\n\n\n\n<h4 class=\"wp-block-heading has-text-align-center has-primary-color has-text-color has-medium-font-size\"><strong>Gemeinsam tierisch gut<\/strong> !<\/h4>\n<\/div><\/div>\n\n\n\n<div class=\"wp-block-group alignfull has-primary-background-color has-background\"><div class=\"wp-block-group__inner-container is-layout-flow wp-block-group-is-layout-flow\">\n<div class=\"wp-block-columns is-layout-flex wp-container-core-columns-is-layout-9d6595d7 wp-block-columns-is-layout-flex\">\n<div class=\"wp-block-column is-layout-flow wp-block-column-is-layout-flow\">\n<div style=\"height:50px\" aria-hidden=\"true\" class=\"wp-block-spacer\"><\/div>\n\n\n\n<h2 class=\"wp-block-heading has-white-color has-text-color\"><strong>Entdecken Sie die Tierarztpraxen der Gruppe<\/strong><\/h2>\n\n\n\n<h4 class=\"wp-block-heading has-white-color has-text-color\"><strong><strong>In der SWISSVET GROUP sind Tierarztpraxen jeder Gr\u00f6sse zusammengeschlossen, die Katzen, Hunde und Nagetiere betreuen<\/strong><\/strong>. <\/h4>\n\n\n\n<p class=\"has-white-color has-text-color\">Jede Praxis ist einzigartig, sei es was ihre Gr\u00f6sse, ihre Funktionsweise oder ihre Fachbereiche anbelangt. Und genau in dieser Vielfalt liegt die St\u00e4rke des Netzwerks.<\/p>\n\n\n\n<div style=\"height:20px\" aria-hidden=\"true\" class=\"wp-block-spacer\"><\/div>\n\n\n\n<div class=\"wp-block-buttons is-layout-flex wp-block-buttons-is-layout-flex\">\n<div class=\"wp-block-button is-style-fill\"><a class=\"wp-block-button__link wp-element-button\" href=\"https:\/\/main.swissvetgroup.com\/cabinets-du-groupe\/\">Finden Sie Ihren Tierarzt<\/a><\/div>\n<\/div>\n\n\n\n<div style=\"height:50px\" aria-hidden=\"true\" class=\"wp-block-spacer\"><\/div>\n<\/div>\n<\/div>\n<\/div><\/div>\n\n\n\n<div class=\"wp-block-columns alignfull no-gutter is-layout-flex wp-container-core-columns-is-layout-9d6595d7 wp-block-columns-is-layout-flex\">\n<div class=\"wp-block-column is-layout-flow wp-block-column-is-layout-flow\" style=\"flex-basis:50%\">\n<div class=\"wp-block-cover is-light padding\" style=\"min-height:460px;aspect-ratio:unset;\"><span aria-hidden=\"true\" class=\"wp-block-cover__background has-background-dim\"><\/span><img loading=\"lazy\" decoding=\"async\" width=\"1920\" height=\"700\" class=\"wp-block-cover__image-background wp-image-132\" alt=\"\" src=\"https:\/\/main.swissvetgroup.com\/wp-content\/uploads\/2021\/05\/banner_home_2.jpg\" style=\"object-position:82% 44%\" data-object-fit=\"cover\" data-object-position=\"82% 44%\" srcset=\"https:\/\/swissvetgroup.com\/wp-content\/uploads\/2021\/05\/banner_home_2.jpg 1920w, https:\/\/swissvetgroup.com\/wp-content\/uploads\/2021\/05\/banner_home_2-300x109.jpg 300w, https:\/\/swissvetgroup.com\/wp-content\/uploads\/2021\/05\/banner_home_2-1024x373.jpg 1024w, https:\/\/swissvetgroup.com\/wp-content\/uploads\/2021\/05\/banner_home_2-768x280.jpg 768w, https:\/\/swissvetgroup.com\/wp-content\/uploads\/2021\/05\/banner_home_2-1536x560.jpg 1536w\" sizes=\"auto, (max-width: 1920px) 100vw, 1920px\" \/><div class=\"wp-block-cover__inner-container is-layout-flow wp-block-cover-is-layout-flow\">\n<h2 class=\"wp-block-heading has-white-color has-text-color\"><strong>Planen und sichern Sie die Zukunft Ihrer Tierarztpraxis<\/strong><\/h2>\n\n\n\n<p class=\"has-white-color has-text-color\">SWISSVET GROUP bietet Tier\u00e4rztinnen und Tier\u00e4rzten die M\u00f6glichkeit, sich voll auf ihren eigentlichen Beruf zu konzentrieren: die Aus\u00fcbung von Tiermedizin. Und dabei bleiben Sie v\u00f6llig selbstst\u00e4ndig. Entdecken Sie die Vorteile als Mitglied des Netzwerks.<br><\/p>\n\n\n\n<div class=\"wp-block-buttons is-layout-flex wp-block-buttons-is-layout-flex\">\n<div class=\"wp-block-button icon-arrow\"><a class=\"wp-block-button__link wp-element-button\" href=\"https:\/\/swissvetgroup.com\/de\/praxisinhaber\/\">Dem Netzwerk beitreten<\/a><\/div>\n<\/div>\n<\/div><\/div>\n<\/div>\n\n\n\n<div class=\"wp-block-column is-layout-flow wp-block-column-is-layout-flow\" style=\"flex-basis:50%\">\n<div class=\"wp-block-cover is-light padding\" style=\"min-height:459px;aspect-ratio:unset;\"><span aria-hidden=\"true\" class=\"wp-block-cover__background has-background-dim\"><\/span><img loading=\"lazy\" decoding=\"async\" width=\"1000\" height=\"668\" class=\"wp-block-cover__image-background wp-image-134\" alt=\"\" src=\"https:\/\/main.swissvetgroup.com\/wp-content\/uploads\/2021\/05\/shutterstock_663987937-copie.jpg\" style=\"object-position:51% 41%\" data-object-fit=\"cover\" data-object-position=\"51% 41%\" srcset=\"https:\/\/swissvetgroup.com\/wp-content\/uploads\/2021\/05\/shutterstock_663987937-copie.jpg 1000w, https:\/\/swissvetgroup.com\/wp-content\/uploads\/2021\/05\/shutterstock_663987937-copie-300x200.jpg 300w, https:\/\/swissvetgroup.com\/wp-content\/uploads\/2021\/05\/shutterstock_663987937-copie-768x513.jpg 768w\" sizes=\"auto, (max-width: 1000px) 100vw, 1000px\" \/><div class=\"wp-block-cover__inner-container is-layout-flow wp-block-cover-is-layout-flow\">\n<h2 class=\"wp-block-heading has-white-color has-text-color\">Jobs &amp; Karriere<\/h2>\n\n\n\n<p class=\"has-white-color has-text-color\">SWISSVET GROUP zentralisiert alle Stellenangebote und -gesuche in seinem Netzwerk: Kommen auch Sie zu einer dynamischen Gruppe auf Erfolgskurs und mit engagierten Mitarbeitern!<\/p>\n\n\n\n<div style=\"height:34px\" aria-hidden=\"true\" class=\"wp-block-spacer\"><\/div>\n\n\n\n<div class=\"wp-block-buttons is-layout-flex wp-block-buttons-is-layout-flex\">\n<div class=\"wp-block-button icon-arrow\"><a class=\"wp-block-button__link wp-element-button\" href=\"https:\/\/swissvetgroup.com\/de\/jobs\/\">Offene Stellen <\/a><\/div>\n<\/div>\n<\/div><\/div>\n<\/div>\n<\/div>\n\n\n\n<div style=\"height:100px\" aria-hidden=\"true\" class=\"wp-block-spacer\"><\/div>\n\n\n\n<div class=\"wp-block-group alignfull\"><div class=\"wp-block-group__inner-container is-layout-flow wp-block-group-is-layout-flow\">\n<div class=\"wp-block-columns is-layout-flex wp-container-core-columns-is-layout-9d6595d7 wp-block-columns-is-layout-flex\">\n<div class=\"wp-block-column is-layout-flow wp-block-column-is-layout-flow\"><div class=\"icon-fa  aligncenter primary small\">\n    <i class=\"fas fa-heart\"><\/i><\/div>\n\n\n<h3 class=\"wp-block-heading has-text-align-center\"><strong>Herzblut<\/strong><\/h3>\n<\/div>\n\n\n\n<div class=\"wp-block-column is-layout-flow wp-block-column-is-layout-flow\"><div class=\"icon-fa  aligncenter primary small\">\n    <i class=\"fas fa-badge-check\"><\/i><\/div>\n\n\n<h3 class=\"wp-block-heading has-text-align-center\"><strong>Unterst\u00fctzung<\/strong><\/h3>\n<\/div>\n\n\n\n<div class=\"wp-block-column is-layout-flow wp-block-column-is-layout-flow\"><div class=\"icon-fa  aligncenter primary small\">\n    <i class=\"fas fa-star\"><\/i><\/div>\n\n\n<h3 class=\"wp-block-heading has-text-align-center\"><strong>Respekt<\/strong><\/h3>\n<\/div>\n\n\n\n<div class=\"wp-block-column is-layout-flow wp-block-column-is-layout-flow\"><div class=\"icon-fa  aligncenter primary small\">\n    <i class=\"fas fa-user-chart\"><\/i><\/div>\n\n\n<h3 class=\"wp-block-heading has-text-align-center\"><strong>Fortbildung<\/strong><\/h3>\n<\/div>\n\n\n\n<div class=\"wp-block-column is-layout-flow wp-block-column-is-layout-flow\"><div class=\"icon-fa  aligncenter primary small\">\n    <i class=\"fas fa-users\"><\/i><\/div>\n\n\n<h3 class=\"wp-block-heading has-text-align-center\"><strong><strong>Zusammenarbeit<\/strong><\/strong><\/h3>\n<\/div>\n<\/div>\n<\/div><\/div>\n\n\n\n<div style=\"height:100px\" aria-hidden=\"true\" class=\"wp-block-spacer\"><\/div>\n\n\n\n<div class=\"wp-block-cover alignfull\" style=\"min-height:403px;aspect-ratio:unset;\"><span aria-hidden=\"true\" class=\"wp-block-cover__background has-black-background-color has-background-dim-70 has-background-dim\"><\/span><img loading=\"lazy\" decoding=\"async\" width=\"2000\" height=\"1232\" class=\"wp-block-cover__image-background wp-image-2967\" alt=\"\" src=\"https:\/\/swissvetgroup.com\/wp-content\/uploads\/2021\/05\/svg_jobs_2-copie.jpg\" data-object-fit=\"cover\" srcset=\"https:\/\/swissvetgroup.com\/wp-content\/uploads\/2021\/05\/svg_jobs_2-copie.jpg 2000w, https:\/\/swissvetgroup.com\/wp-content\/uploads\/2021\/05\/svg_jobs_2-copie-300x185.jpg 300w, https:\/\/swissvetgroup.com\/wp-content\/uploads\/2021\/05\/svg_jobs_2-copie-1024x631.jpg 1024w, https:\/\/swissvetgroup.com\/wp-content\/uploads\/2021\/05\/svg_jobs_2-copie-768x473.jpg 768w, https:\/\/swissvetgroup.com\/wp-content\/uploads\/2021\/05\/svg_jobs_2-copie-1536x946.jpg 1536w, https:\/\/swissvetgroup.com\/wp-content\/uploads\/2021\/05\/svg_jobs_2-copie-1920x1183.jpg 1920w\" sizes=\"auto, (max-width: 2000px) 100vw, 2000px\" \/><div class=\"wp-block-cover__inner-container is-layout-flow wp-block-cover-is-layout-flow\">\n<h2 class=\"wp-block-heading has-white-color has-text-color\"><strong>News<\/strong><\/h2>\n\n\n\n<p class=\"has-white-color has-text-color\">26.11.21<\/p>\n\n\n\n<h4 class=\"wp-block-heading has-white-color has-text-color\"><strong>SWISSVET GROUP ist stolz darauf, jetzt zu VetPartners zu geh\u00f6ren!<\/strong><\/h4>\n\n\n\n<p class=\"has-white-color has-text-color\">Der Markt f\u00fcr Tiermedizin entwickelt sich st\u00e4ndig weiter. VetPartners wird uns dabei unterst\u00fctzen, unsere Strategie durch den Ausbau unseres Netzwerks in der Schweiz voranzutreiben.<\/p>\n\n\n\n<div class=\"wp-block-buttons is-layout-flex wp-block-buttons-is-layout-flex\">\n<div class=\"wp-block-button icon-arrow\"><a class=\"wp-block-button__link wp-element-button\" href=\"https:\/\/swissvetgroup.com\/de\/news\/\">Weiterlesen<\/a><\/div>\n<\/div>\n<\/div><\/div>\n\n\n\n<div class=\"wp-block-cover alignfull is-light\" style=\"min-height:643px;aspect-ratio:unset;\"><span aria-hidden=\"true\" class=\"wp-block-cover__background has-primary-background-color has-background-dim-0 has-background-dim\"><\/span><img loading=\"lazy\" decoding=\"async\" width=\"1920\" height=\"700\" class=\"wp-block-cover__image-background wp-image-416\" alt=\"\" src=\"https:\/\/main.swissvetgroup.com\/wp-content\/uploads\/2021\/05\/SLIDE_33.jpg\" data-object-fit=\"cover\" srcset=\"https:\/\/swissvetgroup.com\/wp-content\/uploads\/2021\/05\/SLIDE_33.jpg 1920w, https:\/\/swissvetgroup.com\/wp-content\/uploads\/2021\/05\/SLIDE_33-300x109.jpg 300w, https:\/\/swissvetgroup.com\/wp-content\/uploads\/2021\/05\/SLIDE_33-1024x373.jpg 1024w, https:\/\/swissvetgroup.com\/wp-content\/uploads\/2021\/05\/SLIDE_33-768x280.jpg 768w, https:\/\/swissvetgroup.com\/wp-content\/uploads\/2021\/05\/SLIDE_33-1536x560.jpg 1536w\" sizes=\"auto, (max-width: 1920px) 100vw, 1920px\" \/><div class=\"wp-block-cover__inner-container is-layout-flow wp-block-cover-is-layout-flow\">\n<h2 class=\"wp-block-heading has-primary-color has-text-color\" style=\"font-size:60px\">Unser Herz schl\u00e4gt <br>f\u00fcr Tiere!<\/h2>\n<\/div><\/div>\n","protected":false},"excerpt":{"rendered":"<p>Entdecken Sie die Tierarztpraxen der Gruppe In der SWISSVET GROUP sind Tierarztpraxen jeder Gr\u00f6sse zusammengeschlossen, die Katzen, Hunde und Nagetiere betreuen. Jede Praxis ist einzigartig, sei es was ihre Gr\u00f6sse, ihre Funktionsweise oder ihre Fachbereiche anbelangt. Und genau in dieser Vielfalt liegt die St\u00e4rke des Netzwerks. Herzblut Unterst\u00fctzung Respekt Fortbildung Zusammenarbeit<\/p>\n","protected":false},"author":9,"featured_media":0,"parent":0,"menu_order":0,"comment_status":"closed","ping_status":"closed","template":"","meta":{"_acf_changed":false,"footnotes":""},"class_list":["post-2727","page","type-page","status-publish","hentry"],"acf":[],"yoast_head":"<!-- This site is optimized with the Yoast SEO plugin v27.0 - https:\/\/yoast.com\/product\/yoast-seo-wordpress\/ -->\n<title>Wilkommen - Swissvet Group<\/title>\n<meta name=\"description\" content=\"Tierarztpraxen-Netzwerk in der Schweiz! In der SWISSVET GROUP sind Tierarztpraxen jeder Gr\u00f6sse zusammengeschlossen, die Katzen, Hunde und Nagetiere betreuen.\" \/>\n<meta name=\"robots\" content=\"index, follow, max-snippet:-1, max-image-preview:large, max-video-preview:-1\" \/>\n<link rel=\"canonical\" href=\"https:\/\/swissvetgroup.com\/de\/\" \/>\n<meta property=\"og:locale\" content=\"de_DE\" \/>\n<meta property=\"og:type\" content=\"article\" \/>\n<meta property=\"og:title\" content=\"Wilkommen - Swissvet Group\" \/>\n<meta property=\"og:description\" content=\"Tierarztpraxen-Netzwerk in der Schweiz! In der SWISSVET GROUP sind Tierarztpraxen jeder Gr\u00f6sse zusammengeschlossen, die Katzen, Hunde und Nagetiere betreuen.\" \/>\n<meta property=\"og:url\" content=\"https:\/\/swissvetgroup.com\/de\/\" \/>\n<meta property=\"og:site_name\" content=\"Swissvet Group\" \/>\n<meta property=\"article:modified_time\" content=\"2023-09-11T08:27:53+00:00\" \/>\n<meta property=\"og:image\" content=\"https:\/\/main.swissvetgroup.com\/wp-content\/uploads\/2021\/05\/banner_home_2.jpg\" \/>\n<meta name=\"twitter:card\" content=\"summary_large_image\" \/>\n<meta name=\"twitter:label1\" content=\"Gesch\u00e4tzte Lesezeit\" \/>\n\t<meta name=\"twitter:data1\" content=\"2\u00a0Minuten\" \/>\n<script type=\"application\/ld+json\" class=\"yoast-schema-graph\">{\"@context\":\"https:\/\/schema.org\",\"@graph\":[{\"@type\":\"WebPage\",\"@id\":\"https:\/\/swissvetgroup.com\/de\/\",\"url\":\"https:\/\/swissvetgroup.com\/de\/\",\"name\":\"Wilkommen - Swissvet Group\",\"isPartOf\":{\"@id\":\"https:\/\/swissvetgroup.com\/de\/#website\"},\"primaryImageOfPage\":{\"@id\":\"https:\/\/swissvetgroup.com\/de\/#primaryimage\"},\"image\":{\"@id\":\"https:\/\/swissvetgroup.com\/de\/#primaryimage\"},\"thumbnailUrl\":\"https:\/\/main.swissvetgroup.com\/wp-content\/uploads\/2021\/05\/banner_home_2.jpg\",\"datePublished\":\"2021-05-08T10:23:43+00:00\",\"dateModified\":\"2023-09-11T08:27:53+00:00\",\"description\":\"Tierarztpraxen-Netzwerk in der Schweiz! In der SWISSVET GROUP sind Tierarztpraxen jeder Gr\u00f6sse zusammengeschlossen, die Katzen, Hunde und Nagetiere betreuen.\",\"breadcrumb\":{\"@id\":\"https:\/\/swissvetgroup.com\/de\/#breadcrumb\"},\"inLanguage\":\"de\",\"potentialAction\":[{\"@type\":\"ReadAction\",\"target\":[\"https:\/\/swissvetgroup.com\/de\/\"]}]},{\"@type\":\"ImageObject\",\"inLanguage\":\"de\",\"@id\":\"https:\/\/swissvetgroup.com\/de\/#primaryimage\",\"url\":\"https:\/\/main.swissvetgroup.com\/wp-content\/uploads\/2021\/05\/banner_home_2.jpg\",\"contentUrl\":\"https:\/\/main.swissvetgroup.com\/wp-content\/uploads\/2021\/05\/banner_home_2.jpg\"},{\"@type\":\"BreadcrumbList\",\"@id\":\"https:\/\/swissvetgroup.com\/de\/#breadcrumb\",\"itemListElement\":[{\"@type\":\"ListItem\",\"position\":1,\"name\":\"Home\",\"item\":\"https:\/\/swissvetgroup.com\/de\/\"},{\"@type\":\"ListItem\",\"position\":2,\"name\":\"Wilkommen\"}]},{\"@type\":\"WebSite\",\"@id\":\"https:\/\/swissvetgroup.com\/de\/#website\",\"url\":\"https:\/\/swissvetgroup.com\/de\/\",\"name\":\"Swissvet Group\",\"description\":\"R\u00e9seau de v\u00e9t\u00e9rinaire en Suisse\",\"publisher\":{\"@id\":\"https:\/\/swissvetgroup.com\/de\/#organization\"},\"potentialAction\":[{\"@type\":\"SearchAction\",\"target\":{\"@type\":\"EntryPoint\",\"urlTemplate\":\"https:\/\/swissvetgroup.com\/de\/?s={search_term_string}\"},\"query-input\":{\"@type\":\"PropertyValueSpecification\",\"valueRequired\":true,\"valueName\":\"search_term_string\"}}],\"inLanguage\":\"de\"},{\"@type\":\"Organization\",\"@id\":\"https:\/\/swissvetgroup.com\/de\/#organization\",\"name\":\"SWISSVET GROUP\",\"url\":\"https:\/\/swissvetgroup.com\/de\/\",\"logo\":{\"@type\":\"ImageObject\",\"inLanguage\":\"de\",\"@id\":\"https:\/\/swissvetgroup.com\/de\/#\/schema\/logo\/image\/\",\"url\":\"https:\/\/swissvetgroup.com\/wp-content\/uploads\/2021\/05\/SVG_logo_v.svg\",\"contentUrl\":\"https:\/\/swissvetgroup.com\/wp-content\/uploads\/2021\/05\/SVG_logo_v.svg\",\"width\":512,\"height\":668,\"caption\":\"SWISSVET GROUP\"},\"image\":{\"@id\":\"https:\/\/swissvetgroup.com\/de\/#\/schema\/logo\/image\/\"}}]}<\/script>\n<!-- \/ Yoast SEO plugin. -->","yoast_head_json":{"title":"Wilkommen - Swissvet Group","description":"Tierarztpraxen-Netzwerk in der Schweiz! In der SWISSVET GROUP sind Tierarztpraxen jeder Gr\u00f6sse zusammengeschlossen, die Katzen, Hunde und Nagetiere betreuen.","robots":{"index":"index","follow":"follow","max-snippet":"max-snippet:-1","max-image-preview":"max-image-preview:large","max-video-preview":"max-video-preview:-1"},"canonical":"https:\/\/swissvetgroup.com\/de\/","og_locale":"de_DE","og_type":"article","og_title":"Wilkommen - Swissvet Group","og_description":"Tierarztpraxen-Netzwerk in der Schweiz! In der SWISSVET GROUP sind Tierarztpraxen jeder Gr\u00f6sse zusammengeschlossen, die Katzen, Hunde und Nagetiere betreuen.","og_url":"https:\/\/swissvetgroup.com\/de\/","og_site_name":"Swissvet Group","article_modified_time":"2023-09-11T08:27:53+00:00","og_image":[{"url":"https:\/\/main.swissvetgroup.com\/wp-content\/uploads\/2021\/05\/banner_home_2.jpg","type":"","width":"","height":""}],"twitter_card":"summary_large_image","twitter_misc":{"Gesch\u00e4tzte Lesezeit":"2\u00a0Minuten"},"schema":{"@context":"https:\/\/schema.org","@graph":[{"@type":"WebPage","@id":"https:\/\/swissvetgroup.com\/de\/","url":"https:\/\/swissvetgroup.com\/de\/","name":"Wilkommen - Swissvet Group","isPartOf":{"@id":"https:\/\/swissvetgroup.com\/de\/#website"},"primaryImageOfPage":{"@id":"https:\/\/swissvetgroup.com\/de\/#primaryimage"},"image":{"@id":"https:\/\/swissvetgroup.com\/de\/#primaryimage"},"thumbnailUrl":"https:\/\/main.swissvetgroup.com\/wp-content\/uploads\/2021\/05\/banner_home_2.jpg","datePublished":"2021-05-08T10:23:43+00:00","dateModified":"2023-09-11T08:27:53+00:00","description":"Tierarztpraxen-Netzwerk in der Schweiz! In der SWISSVET GROUP sind Tierarztpraxen jeder Gr\u00f6sse zusammengeschlossen, die Katzen, Hunde und Nagetiere betreuen.","breadcrumb":{"@id":"https:\/\/swissvetgroup.com\/de\/#breadcrumb"},"inLanguage":"de","potentialAction":[{"@type":"ReadAction","target":["https:\/\/swissvetgroup.com\/de\/"]}]},{"@type":"ImageObject","inLanguage":"de","@id":"https:\/\/swissvetgroup.com\/de\/#primaryimage","url":"https:\/\/main.swissvetgroup.com\/wp-content\/uploads\/2021\/05\/banner_home_2.jpg","contentUrl":"https:\/\/main.swissvetgroup.com\/wp-content\/uploads\/2021\/05\/banner_home_2.jpg"},{"@type":"BreadcrumbList","@id":"https:\/\/swissvetgroup.com\/de\/#breadcrumb","itemListElement":[{"@type":"ListItem","position":1,"name":"Home","item":"https:\/\/swissvetgroup.com\/de\/"},{"@type":"ListItem","position":2,"name":"Wilkommen"}]},{"@type":"WebSite","@id":"https:\/\/swissvetgroup.com\/de\/#website","url":"https:\/\/swissvetgroup.com\/de\/","name":"Swissvet Group","description":"R\u00e9seau de v\u00e9t\u00e9rinaire en Suisse","publisher":{"@id":"https:\/\/swissvetgroup.com\/de\/#organization"},"potentialAction":[{"@type":"SearchAction","target":{"@type":"EntryPoint","urlTemplate":"https:\/\/swissvetgroup.com\/de\/?s={search_term_string}"},"query-input":{"@type":"PropertyValueSpecification","valueRequired":true,"valueName":"search_term_string"}}],"inLanguage":"de"},{"@type":"Organization","@id":"https:\/\/swissvetgroup.com\/de\/#organization","name":"SWISSVET GROUP","url":"https:\/\/swissvetgroup.com\/de\/","logo":{"@type":"ImageObject","inLanguage":"de","@id":"https:\/\/swissvetgroup.com\/de\/#\/schema\/logo\/image\/","url":"https:\/\/swissvetgroup.com\/wp-content\/uploads\/2021\/05\/SVG_logo_v.svg","contentUrl":"https:\/\/swissvetgroup.com\/wp-content\/uploads\/2021\/05\/SVG_logo_v.svg","width":512,"height":668,"caption":"SWISSVET GROUP"},"image":{"@id":"https:\/\/swissvetgroup.com\/de\/#\/schema\/logo\/image\/"}}]}},"_links":{"self":[{"href":"https:\/\/swissvetgroup.com\/de\/wp-json\/wp\/v2\/pages\/2727","targetHints":{"allow":["GET"]}}],"collection":[{"href":"https:\/\/swissvetgroup.com\/de\/wp-json\/wp\/v2\/pages"}],"about":[{"href":"https:\/\/swissvetgroup.com\/de\/wp-json\/wp\/v2\/types\/page"}],"author":[{"embeddable":true,"href":"https:\/\/swissvetgroup.com\/de\/wp-json\/wp\/v2\/users\/9"}],"replies":[{"embeddable":true,"href":"https:\/\/swissvetgroup.com\/de\/wp-json\/wp\/v2\/comments?post=2727"}],"version-history":[{"count":5,"href":"https:\/\/swissvetgroup.com\/de\/wp-json\/wp\/v2\/pages\/2727\/revisions"}],"predecessor-version":[{"id":3936,"href":"https:\/\/swissvetgroup.com\/de\/wp-json\/wp\/v2\/pages\/2727\/revisions\/3936"}],"wp:attachment":[{"href":"https:\/\/swissvetgroup.com\/de\/wp-json\/wp\/v2\/media?parent=2727"}],"curies":[{"name":"wp","href":"https:\/\/api.w.org\/{rel}","templated":true}]}}