
{"id":2941,"date":"2021-11-25T09:16:56","date_gmt":"2021-11-25T09:16:56","guid":{"rendered":"https:\/\/swissvetgroup.com\/team\/"},"modified":"2025-10-08T19:25:53","modified_gmt":"2025-10-08T19:25:53","slug":"team","status":"publish","type":"page","link":"https:\/\/swissvetgroup.com\/de\/team\/","title":{"rendered":"Team"},"content":{"rendered":"\n<div style=\"height:59px\" aria-hidden=\"true\" class=\"wp-block-spacer\"><\/div>\n\n\n\n<h2 class=\"wp-block-heading\">Unser Team<\/h2>\n\n\n\n<div style=\"height:59px\" aria-hidden=\"true\" class=\"wp-block-spacer\"><\/div>\n\n\n\n<div class=\"wp-block-columns is-layout-flex wp-container-core-columns-is-layout-9d6595d7 wp-block-columns-is-layout-flex\">\n<div class=\"wp-block-column is-layout-flow wp-block-column-is-layout-flow\">\n<figure class=\"wp-block-image size-full is-style-rounded\"><img loading=\"lazy\" decoding=\"async\" width=\"340\" height=\"341\" src=\"https:\/\/swissvetgroup.com\/wp-content\/uploads\/2022\/01\/Adam.jpeg\" alt=\"\" class=\"wp-image-1876\" srcset=\"https:\/\/swissvetgroup.com\/wp-content\/uploads\/2022\/01\/Adam.jpeg 340w, https:\/\/swissvetgroup.com\/wp-content\/uploads\/2022\/01\/Adam-300x300.jpeg 300w, https:\/\/swissvetgroup.com\/wp-content\/uploads\/2022\/01\/Adam-150x150.jpeg 150w, https:\/\/swissvetgroup.com\/wp-content\/uploads\/2022\/01\/Adam-125x125.jpeg 125w\" sizes=\"auto, (max-width: 340px) 100vw, 340px\" \/><\/figure>\n\n\n\n<div style=\"height:19px\" aria-hidden=\"true\" class=\"wp-block-spacer\"><\/div>\n\n\n\n<h2 class=\"wp-block-heading has-text-align-center has-primary-color has-text-color has-medium-font-size\">Dr med. vet. Antoine Adam<\/h2>\n\n\n\n<p class=\"has-text-align-center\"><strong><strong>CEO &amp; Mitgr\u00fcnder<\/strong><br>von Swissvet Group<\/strong><br>Gr\u00fcnder von Vetmidi Etoy &amp; St-Prex<br><\/p>\n<\/div>\n\n\n\n<div class=\"wp-block-column is-layout-flow wp-block-column-is-layout-flow\">\n<figure class=\"wp-block-image size-large is-style-rounded\"><img loading=\"lazy\" decoding=\"async\" width=\"1024\" height=\"1024\" src=\"https:\/\/swissvetgroup.com\/wp-content\/uploads\/2021\/11\/Groupe-Delarive-2991-copie-1024x1024.jpg\" alt=\"\" class=\"wp-image-1748\" srcset=\"https:\/\/swissvetgroup.com\/wp-content\/uploads\/2021\/11\/Groupe-Delarive-2991-copie-1024x1024.jpg 1024w, https:\/\/swissvetgroup.com\/wp-content\/uploads\/2021\/11\/Groupe-Delarive-2991-copie-300x300.jpg 300w, https:\/\/swissvetgroup.com\/wp-content\/uploads\/2021\/11\/Groupe-Delarive-2991-copie-150x150.jpg 150w, https:\/\/swissvetgroup.com\/wp-content\/uploads\/2021\/11\/Groupe-Delarive-2991-copie-768x768.jpg 768w, https:\/\/swissvetgroup.com\/wp-content\/uploads\/2021\/11\/Groupe-Delarive-2991-copie-1536x1536.jpg 1536w, https:\/\/swissvetgroup.com\/wp-content\/uploads\/2021\/11\/Groupe-Delarive-2991-copie-2048x2048.jpg 2048w, https:\/\/swissvetgroup.com\/wp-content\/uploads\/2021\/11\/Groupe-Delarive-2991-copie-1920x1920.jpg 1920w, https:\/\/swissvetgroup.com\/wp-content\/uploads\/2021\/11\/Groupe-Delarive-2991-copie-125x125.jpg 125w\" sizes=\"auto, (max-width: 1024px) 100vw, 1024px\" \/><\/figure>\n\n\n\n<div style=\"height:19px\" aria-hidden=\"true\" class=\"wp-block-spacer\"><\/div>\n\n\n\n<h2 class=\"wp-block-heading has-text-align-center has-primary-color has-text-color has-medium-font-size\">Florent Bourachot<\/h2>\n\n\n\n<p class=\"has-text-align-center\"><meta charset=\"utf-8\"><\/meta><strong>Mitgr\u00fcnder<br>von Swissvet Group<\/strong><br><\/p>\n<\/div>\n\n\n\n<div class=\"wp-block-column is-layout-flow wp-block-column-is-layout-flow\">\n<figure class=\"wp-block-image size-large is-style-rounded\"><img loading=\"lazy\" decoding=\"async\" width=\"1024\" height=\"1024\" src=\"https:\/\/swissvetgroup.com\/wp-content\/uploads\/2021\/11\/IMG_1769-1024x1024.jpg\" alt=\"\" class=\"wp-image-1743\" srcset=\"https:\/\/swissvetgroup.com\/wp-content\/uploads\/2021\/11\/IMG_1769-1024x1024.jpg 1024w, https:\/\/swissvetgroup.com\/wp-content\/uploads\/2021\/11\/IMG_1769-300x300.jpg 300w, https:\/\/swissvetgroup.com\/wp-content\/uploads\/2021\/11\/IMG_1769-150x150.jpg 150w, https:\/\/swissvetgroup.com\/wp-content\/uploads\/2021\/11\/IMG_1769-768x768.jpg 768w, https:\/\/swissvetgroup.com\/wp-content\/uploads\/2021\/11\/IMG_1769-1536x1536.jpg 1536w, https:\/\/swissvetgroup.com\/wp-content\/uploads\/2021\/11\/IMG_1769-2048x2048.jpg 2048w, https:\/\/swissvetgroup.com\/wp-content\/uploads\/2021\/11\/IMG_1769-1920x1920.jpg 1920w, https:\/\/swissvetgroup.com\/wp-content\/uploads\/2021\/11\/IMG_1769-125x125.jpg 125w\" sizes=\"auto, (max-width: 1024px) 100vw, 1024px\" \/><\/figure>\n\n\n\n<div style=\"height:19px\" aria-hidden=\"true\" class=\"wp-block-spacer\"><\/div>\n\n\n\n<h2 class=\"wp-block-heading has-text-align-center has-primary-color has-text-color has-medium-font-size\">Tullia Celii<\/h2>\n\n\n\n<p class=\"has-text-align-center\"><strong><strong>Leiterin Administration, Finanzwesen &amp; HR<\/strong><br><\/strong><\/p>\n<\/div>\n\n\n\n<div class=\"wp-block-column is-layout-flow wp-block-column-is-layout-flow\">\n<figure class=\"wp-block-image size-large is-style-rounded\"><img loading=\"lazy\" decoding=\"async\" width=\"1024\" height=\"1024\" src=\"https:\/\/swissvetgroup.com\/wp-content\/uploads\/2021\/11\/IMG_1727-1-1024x1024.jpg\" alt=\"\" class=\"wp-image-1738\" srcset=\"https:\/\/swissvetgroup.com\/wp-content\/uploads\/2021\/11\/IMG_1727-1-1024x1024.jpg 1024w, https:\/\/swissvetgroup.com\/wp-content\/uploads\/2021\/11\/IMG_1727-1-300x300.jpg 300w, https:\/\/swissvetgroup.com\/wp-content\/uploads\/2021\/11\/IMG_1727-1-150x150.jpg 150w, https:\/\/swissvetgroup.com\/wp-content\/uploads\/2021\/11\/IMG_1727-1-768x768.jpg 768w, https:\/\/swissvetgroup.com\/wp-content\/uploads\/2021\/11\/IMG_1727-1-1536x1536.jpg 1536w, https:\/\/swissvetgroup.com\/wp-content\/uploads\/2021\/11\/IMG_1727-1-2048x2048.jpg 2048w, https:\/\/swissvetgroup.com\/wp-content\/uploads\/2021\/11\/IMG_1727-1-1920x1920.jpg 1920w, https:\/\/swissvetgroup.com\/wp-content\/uploads\/2021\/11\/IMG_1727-1-125x125.jpg 125w\" sizes=\"auto, (max-width: 1024px) 100vw, 1024px\" \/><\/figure>\n\n\n\n<div style=\"height:19px\" aria-hidden=\"true\" class=\"wp-block-spacer\"><\/div>\n\n\n\n<h2 class=\"wp-block-heading has-text-align-center has-primary-color has-text-color has-medium-font-size\">Jonas Wantz<\/h2>\n\n\n\n<p class=\"has-text-align-center\"><strong><strong>Leiter Logistik und nicht-medizinisches Management<\/strong><\/strong><\/p>\n<\/div>\n<\/div>\n\n\n\n<div style=\"height:42px\" aria-hidden=\"true\" class=\"wp-block-spacer\"><\/div>\n\n\n\n<div class=\"wp-block-columns is-layout-flex wp-container-core-columns-is-layout-9d6595d7 wp-block-columns-is-layout-flex\">\n<div class=\"wp-block-column is-layout-flow wp-block-column-is-layout-flow\">\n<figure class=\"wp-block-image size-full is-style-rounded\"><img loading=\"lazy\" decoding=\"async\" width=\"2428\" height=\"2287\" src=\"https:\/\/swissvetgroup.com\/wp-content\/uploads\/2023\/03\/evelyne-Gartenmann-photo.jpg\" alt=\"\" class=\"wp-image-3647\" style=\"aspect-ratio:1;object-fit:cover\" srcset=\"https:\/\/swissvetgroup.com\/wp-content\/uploads\/2023\/03\/evelyne-Gartenmann-photo.jpg 2428w, https:\/\/swissvetgroup.com\/wp-content\/uploads\/2023\/03\/evelyne-Gartenmann-photo-300x283.jpg 300w, https:\/\/swissvetgroup.com\/wp-content\/uploads\/2023\/03\/evelyne-Gartenmann-photo-1024x965.jpg 1024w, https:\/\/swissvetgroup.com\/wp-content\/uploads\/2023\/03\/evelyne-Gartenmann-photo-768x723.jpg 768w, https:\/\/swissvetgroup.com\/wp-content\/uploads\/2023\/03\/evelyne-Gartenmann-photo-1536x1447.jpg 1536w, https:\/\/swissvetgroup.com\/wp-content\/uploads\/2023\/03\/evelyne-Gartenmann-photo-2048x1929.jpg 2048w, https:\/\/swissvetgroup.com\/wp-content\/uploads\/2023\/03\/evelyne-Gartenmann-photo-1920x1809.jpg 1920w\" sizes=\"auto, (max-width: 2428px) 100vw, 2428px\" \/><\/figure>\n\n\n\n<div style=\"height:19px\" aria-hidden=\"true\" class=\"wp-block-spacer\"><\/div>\n\n\n\n<h2 class=\"wp-block-heading has-text-align-center has-primary-color has-text-color has-medium-font-size\">Evelyne Gartenmann Meier<\/h2>\n\n\n\n<p class=\"has-text-align-center\"><strong><strong>Marketing &amp; Kommunikation<\/strong> <strong>Manager<\/strong><\/strong><br><\/p>\n<\/div>\n\n\n\n<div class=\"wp-block-column is-layout-flow wp-block-column-is-layout-flow\">\n<figure class=\"wp-block-image size-full is-style-rounded\"><img loading=\"lazy\" decoding=\"async\" width=\"640\" height=\"480\" src=\"https:\/\/swissvetgroup.com\/wp-content\/uploads\/2024\/04\/IMG_4238.jpg\" alt=\"C\u00e9cile D\u00fcrig\" class=\"wp-image-4635\" style=\"aspect-ratio:1;object-fit:cover\"\/><\/figure>\n\n\n\n<div style=\"height:19px\" aria-hidden=\"true\" class=\"wp-block-spacer\"><\/div>\n\n\n\n<h2 class=\"wp-block-heading has-text-align-center has-primary-color has-text-color has-link-color has-medium-font-size wp-elements-67e522b1ce8d6b1bb5a54a2b30f3e10c\">C\u00e9cile D\u00fcrig<\/h2>\n\n\n\n<p class=\"has-text-align-center\"><strong><strong>Personalbereich<\/strong><\/strong><\/p>\n<\/div>\n\n\n\n<div class=\"wp-block-column is-layout-flow wp-block-column-is-layout-flow\">\n<figure class=\"wp-block-image size-full is-style-rounded\"><img loading=\"lazy\" decoding=\"async\" width=\"349\" height=\"349\" src=\"https:\/\/swissvetgroup.com\/wp-content\/uploads\/2023\/07\/Julia-Alvarez-modified.png\" alt=\"Julia Alvarez\" class=\"wp-image-3824\" srcset=\"https:\/\/swissvetgroup.com\/wp-content\/uploads\/2023\/07\/Julia-Alvarez-modified.png 349w, https:\/\/swissvetgroup.com\/wp-content\/uploads\/2023\/07\/Julia-Alvarez-modified-300x300.png 300w, https:\/\/swissvetgroup.com\/wp-content\/uploads\/2023\/07\/Julia-Alvarez-modified-150x150.png 150w, https:\/\/swissvetgroup.com\/wp-content\/uploads\/2023\/07\/Julia-Alvarez-modified-125x125.png 125w\" sizes=\"auto, (max-width: 349px) 100vw, 349px\" \/><\/figure>\n\n\n\n<div style=\"height:19px\" aria-hidden=\"true\" class=\"wp-block-spacer\"><\/div>\n\n\n\n<h2 class=\"wp-block-heading has-text-align-center has-primary-color has-text-color has-medium-font-size\">Julia Alvarez<\/h2>\n\n\n\n<p class=\"has-text-align-center\"><strong><strong>Koordinatorin f\u00fcr regionale Entwicklung<\/strong><\/strong><\/p>\n<\/div>\n\n\n\n<div class=\"wp-block-column is-layout-flow wp-block-column-is-layout-flow\">\n<figure class=\"wp-block-image size-large is-style-rounded\"><img loading=\"lazy\" decoding=\"async\" width=\"1024\" height=\"1024\" src=\"https:\/\/swissvetgroup.com\/wp-content\/uploads\/2021\/11\/IMG_3481-1-1024x1024.jpg\" alt=\"\" class=\"wp-image-1808\" srcset=\"https:\/\/swissvetgroup.com\/wp-content\/uploads\/2021\/11\/IMG_3481-1-1024x1024.jpg 1024w, https:\/\/swissvetgroup.com\/wp-content\/uploads\/2021\/11\/IMG_3481-1-300x300.jpg 300w, https:\/\/swissvetgroup.com\/wp-content\/uploads\/2021\/11\/IMG_3481-1-150x150.jpg 150w, https:\/\/swissvetgroup.com\/wp-content\/uploads\/2021\/11\/IMG_3481-1-768x768.jpg 768w, https:\/\/swissvetgroup.com\/wp-content\/uploads\/2021\/11\/IMG_3481-1-1536x1536.jpg 1536w, https:\/\/swissvetgroup.com\/wp-content\/uploads\/2021\/11\/IMG_3481-1-2048x2048.jpg 2048w, https:\/\/swissvetgroup.com\/wp-content\/uploads\/2021\/11\/IMG_3481-1-1920x1920.jpg 1920w, https:\/\/swissvetgroup.com\/wp-content\/uploads\/2021\/11\/IMG_3481-1-125x125.jpg 125w\" sizes=\"auto, (max-width: 1024px) 100vw, 1024px\" \/><\/figure>\n\n\n\n<div style=\"height:19px\" aria-hidden=\"true\" class=\"wp-block-spacer\"><\/div>\n\n\n\n<h2 class=\"wp-block-heading has-text-align-center has-primary-color has-text-color has-medium-font-size\">Mathias Bollmann<\/h2>\n\n\n\n<p class=\"has-text-align-center\"><strong><strong><strong>Operation Analyst<\/strong><\/strong><br><\/strong><\/p>\n<\/div>\n<\/div>\n\n\n\n<div style=\"height:42px\" aria-hidden=\"true\" class=\"wp-block-spacer\"><\/div>\n\n\n\n<div class=\"wp-block-columns is-layout-flex wp-container-core-columns-is-layout-9d6595d7 wp-block-columns-is-layout-flex\">\n<div class=\"wp-block-column is-layout-flow wp-block-column-is-layout-flow\">\n<figure class=\"wp-block-image size-large is-style-rounded\"><img loading=\"lazy\" decoding=\"async\" width=\"1024\" height=\"1024\" src=\"https:\/\/swissvetgroup.com\/wp-content\/uploads\/2023\/06\/LausannePhoto_Lisa_Belland_carre-1024x1024.png\" alt=\"Lisa_Belland\" class=\"wp-image-3768\" srcset=\"https:\/\/swissvetgroup.com\/wp-content\/uploads\/2023\/06\/LausannePhoto_Lisa_Belland_carre-1024x1024.png 1024w, https:\/\/swissvetgroup.com\/wp-content\/uploads\/2023\/06\/LausannePhoto_Lisa_Belland_carre-300x300.png 300w, https:\/\/swissvetgroup.com\/wp-content\/uploads\/2023\/06\/LausannePhoto_Lisa_Belland_carre-150x150.png 150w, https:\/\/swissvetgroup.com\/wp-content\/uploads\/2023\/06\/LausannePhoto_Lisa_Belland_carre-768x768.png 768w, https:\/\/swissvetgroup.com\/wp-content\/uploads\/2023\/06\/LausannePhoto_Lisa_Belland_carre-1536x1536.png 1536w, https:\/\/swissvetgroup.com\/wp-content\/uploads\/2023\/06\/LausannePhoto_Lisa_Belland_carre-2048x2048.png 2048w\" sizes=\"auto, (max-width: 1024px) 100vw, 1024px\" \/><\/figure>\n\n\n\n<div style=\"height:19px\" aria-hidden=\"true\" class=\"wp-block-spacer\"><\/div>\n\n\n\n<h2 class=\"wp-block-heading has-text-align-center has-primary-color has-text-color has-medium-font-size\"><meta charset=\"utf-8\">Lisa Belland<\/h2>\n\n\n\n<p class=\"has-text-align-center\"><strong><strong><strong><strong>Buchhaltung &amp; Administration<\/strong><\/strong><\/strong><br><\/strong><\/p>\n<\/div>\n\n\n\n<div class=\"wp-block-column is-layout-flow wp-block-column-is-layout-flow\">\n<figure class=\"wp-block-image size-full is-style-rounded\"><img loading=\"lazy\" decoding=\"async\" width=\"1707\" height=\"2560\" src=\"https:\/\/swissvetgroup.com\/wp-content\/uploads\/2025\/10\/Cynthia-1-scaled.jpg\" alt=\"\" class=\"wp-image-5818\" style=\"aspect-ratio:1;object-fit:cover\" srcset=\"https:\/\/swissvetgroup.com\/wp-content\/uploads\/2025\/10\/Cynthia-1-scaled.jpg 1707w, https:\/\/swissvetgroup.com\/wp-content\/uploads\/2025\/10\/Cynthia-1-200x300.jpg 200w, https:\/\/swissvetgroup.com\/wp-content\/uploads\/2025\/10\/Cynthia-1-683x1024.jpg 683w, https:\/\/swissvetgroup.com\/wp-content\/uploads\/2025\/10\/Cynthia-1-768x1152.jpg 768w, https:\/\/swissvetgroup.com\/wp-content\/uploads\/2025\/10\/Cynthia-1-1024x1536.jpg 1024w, https:\/\/swissvetgroup.com\/wp-content\/uploads\/2025\/10\/Cynthia-1-1365x2048.jpg 1365w, https:\/\/swissvetgroup.com\/wp-content\/uploads\/2025\/10\/Cynthia-1-1920x2880.jpg 1920w\" sizes=\"auto, (max-width: 1707px) 100vw, 1707px\" \/><\/figure>\n\n\n\n<div style=\"height:19px\" aria-hidden=\"true\" class=\"wp-block-spacer\"><\/div>\n\n\n\n<h2 class=\"wp-block-heading has-text-align-center has-primary-color has-text-color has-link-color has-medium-font-size wp-elements-bc4e9f5f942cc3f361baa46625e11ead\">Cynthia Kilchenmann<\/h2>\n\n\n\n<p class=\"has-text-align-center\"><strong><strong><strong><strong>Buchhaltung &amp; Administration<\/strong><\/strong><\/strong><br><\/strong><\/p>\n<\/div>\n\n\n\n<div class=\"wp-block-column is-layout-flow wp-block-column-is-layout-flow\">\n<figure class=\"wp-block-image size-full is-style-rounded\"><img loading=\"lazy\" decoding=\"async\" width=\"1707\" height=\"2560\" src=\"https:\/\/swissvetgroup.com\/wp-content\/uploads\/2025\/10\/Emilie-Dafflon-1-scaled.jpg\" alt=\"\" class=\"wp-image-5816\" style=\"aspect-ratio:1;object-fit:cover\" srcset=\"https:\/\/swissvetgroup.com\/wp-content\/uploads\/2025\/10\/Emilie-Dafflon-1-scaled.jpg 1707w, https:\/\/swissvetgroup.com\/wp-content\/uploads\/2025\/10\/Emilie-Dafflon-1-200x300.jpg 200w, https:\/\/swissvetgroup.com\/wp-content\/uploads\/2025\/10\/Emilie-Dafflon-1-683x1024.jpg 683w, https:\/\/swissvetgroup.com\/wp-content\/uploads\/2025\/10\/Emilie-Dafflon-1-768x1152.jpg 768w, https:\/\/swissvetgroup.com\/wp-content\/uploads\/2025\/10\/Emilie-Dafflon-1-1024x1536.jpg 1024w, https:\/\/swissvetgroup.com\/wp-content\/uploads\/2025\/10\/Emilie-Dafflon-1-1365x2048.jpg 1365w, https:\/\/swissvetgroup.com\/wp-content\/uploads\/2025\/10\/Emilie-Dafflon-1-1920x2880.jpg 1920w\" sizes=\"auto, (max-width: 1707px) 100vw, 1707px\" \/><\/figure>\n\n\n\n<div style=\"height:19px\" aria-hidden=\"true\" class=\"wp-block-spacer\"><\/div>\n\n\n\n<h2 class=\"wp-block-heading has-text-align-center has-primary-color has-text-color has-medium-font-size\">Emilie Dafflon<\/h2>\n\n\n\n<p class=\"has-text-align-center\"><strong><strong><strong><strong>Buchhaltung &amp; Administration<\/strong><\/strong><\/strong><br><\/strong><\/p>\n<\/div>\n\n\n\n<div class=\"wp-block-column is-layout-flow wp-block-column-is-layout-flow\"><\/div>\n<\/div>\n\n\n\n<p><\/p>\n\n\n\n<div style=\"height:135px\" aria-hidden=\"true\" class=\"wp-block-spacer\"><\/div>\n","protected":false},"excerpt":{"rendered":"<p>Unser Team Dr med. vet. Antoine Adam CEO &amp; Mitgr\u00fcndervon Swissvet GroupGr\u00fcnder von Vetmidi Etoy &amp; St-Prex Florent Bourachot Mitgr\u00fcndervon Swissvet Group Tullia Celii Leiterin Administration, Finanzwesen &amp; HR Jonas Wantz Leiter Logistik und nicht-medizinisches Management Evelyne Gartenmann Meier Marketing &amp; Kommunikation Manager C\u00e9cile D\u00fcrig Personalbereich Julia Alvarez Koordinatorin f\u00fcr regionale Entwicklung Mathias Bollmann Operation<a class=\"excerpt-read-more\" href=\"https:\/\/swissvetgroup.com\/de\/team\/\" title=\"ReadTeam\">&#8230; Read more &raquo;<\/a><\/p>\n","protected":false},"author":11,"featured_media":0,"parent":0,"menu_order":0,"comment_status":"closed","ping_status":"closed","template":"","meta":{"_acf_changed":false,"footnotes":""},"class_list":["post-2941","page","type-page","status-publish","hentry"],"acf":[],"yoast_head":"<!-- This site is optimized with the Yoast SEO plugin v27.0 - https:\/\/yoast.com\/product\/yoast-seo-wordpress\/ -->\n<title>Team - Swissvet Group<\/title>\n<meta name=\"robots\" content=\"index, follow, max-snippet:-1, max-image-preview:large, max-video-preview:-1\" \/>\n<link rel=\"canonical\" href=\"https:\/\/swissvetgroup.com\/de\/team\/\" \/>\n<meta property=\"og:locale\" content=\"de_DE\" \/>\n<meta property=\"og:type\" content=\"article\" \/>\n<meta property=\"og:title\" content=\"Team - Swissvet Group\" \/>\n<meta property=\"og:description\" content=\"Unser Team Dr med. vet. Antoine Adam CEO &amp; Mitgr\u00fcndervon Swissvet GroupGr\u00fcnder von Vetmidi Etoy &amp; St-Prex Florent Bourachot Mitgr\u00fcndervon Swissvet Group Tullia Celii Leiterin Administration, Finanzwesen &amp; HR Jonas Wantz Leiter Logistik und nicht-medizinisches Management Evelyne Gartenmann Meier Marketing &amp; Kommunikation Manager C\u00e9cile D\u00fcrig Personalbereich Julia Alvarez Koordinatorin f\u00fcr regionale Entwicklung Mathias Bollmann Operation... Read more &raquo;\" \/>\n<meta property=\"og:url\" content=\"https:\/\/swissvetgroup.com\/de\/team\/\" \/>\n<meta property=\"og:site_name\" content=\"Swissvet Group\" \/>\n<meta property=\"article:modified_time\" content=\"2025-10-08T19:25:53+00:00\" \/>\n<meta property=\"og:image\" content=\"https:\/\/swissvetgroup.com\/wp-content\/uploads\/2022\/01\/Adam.jpeg\" \/>\n\t<meta property=\"og:image:width\" content=\"340\" \/>\n\t<meta property=\"og:image:height\" content=\"341\" \/>\n\t<meta property=\"og:image:type\" content=\"image\/jpeg\" \/>\n<meta name=\"twitter:card\" content=\"summary_large_image\" \/>\n<meta name=\"twitter:label1\" content=\"Gesch\u00e4tzte Lesezeit\" \/>\n\t<meta name=\"twitter:data1\" content=\"3\u00a0Minuten\" \/>\n<script type=\"application\/ld+json\" class=\"yoast-schema-graph\">{\"@context\":\"https:\/\/schema.org\",\"@graph\":[{\"@type\":\"WebPage\",\"@id\":\"https:\/\/swissvetgroup.com\/de\/team\/\",\"url\":\"https:\/\/swissvetgroup.com\/de\/team\/\",\"name\":\"Team - Swissvet Group\",\"isPartOf\":{\"@id\":\"https:\/\/swissvetgroup.com\/de\/#website\"},\"primaryImageOfPage\":{\"@id\":\"https:\/\/swissvetgroup.com\/de\/team\/#primaryimage\"},\"image\":{\"@id\":\"https:\/\/swissvetgroup.com\/de\/team\/#primaryimage\"},\"thumbnailUrl\":\"https:\/\/swissvetgroup.com\/wp-content\/uploads\/2022\/01\/Adam.jpeg\",\"datePublished\":\"2021-11-25T09:16:56+00:00\",\"dateModified\":\"2025-10-08T19:25:53+00:00\",\"breadcrumb\":{\"@id\":\"https:\/\/swissvetgroup.com\/de\/team\/#breadcrumb\"},\"inLanguage\":\"de\",\"potentialAction\":[{\"@type\":\"ReadAction\",\"target\":[\"https:\/\/swissvetgroup.com\/de\/team\/\"]}]},{\"@type\":\"ImageObject\",\"inLanguage\":\"de\",\"@id\":\"https:\/\/swissvetgroup.com\/de\/team\/#primaryimage\",\"url\":\"https:\/\/swissvetgroup.com\/wp-content\/uploads\/2022\/01\/Adam.jpeg\",\"contentUrl\":\"https:\/\/swissvetgroup.com\/wp-content\/uploads\/2022\/01\/Adam.jpeg\"},{\"@type\":\"BreadcrumbList\",\"@id\":\"https:\/\/swissvetgroup.com\/de\/team\/#breadcrumb\",\"itemListElement\":[{\"@type\":\"ListItem\",\"position\":1,\"name\":\"Home\",\"item\":\"https:\/\/swissvetgroup.com\/de\/\"},{\"@type\":\"ListItem\",\"position\":2,\"name\":\"Team\"}]},{\"@type\":\"WebSite\",\"@id\":\"https:\/\/swissvetgroup.com\/de\/#website\",\"url\":\"https:\/\/swissvetgroup.com\/de\/\",\"name\":\"Swissvet Group\",\"description\":\"R\u00e9seau de v\u00e9t\u00e9rinaire en Suisse\",\"publisher\":{\"@id\":\"https:\/\/swissvetgroup.com\/de\/#organization\"},\"potentialAction\":[{\"@type\":\"SearchAction\",\"target\":{\"@type\":\"EntryPoint\",\"urlTemplate\":\"https:\/\/swissvetgroup.com\/de\/?s={search_term_string}\"},\"query-input\":{\"@type\":\"PropertyValueSpecification\",\"valueRequired\":true,\"valueName\":\"search_term_string\"}}],\"inLanguage\":\"de\"},{\"@type\":\"Organization\",\"@id\":\"https:\/\/swissvetgroup.com\/de\/#organization\",\"name\":\"SWISSVET GROUP\",\"url\":\"https:\/\/swissvetgroup.com\/de\/\",\"logo\":{\"@type\":\"ImageObject\",\"inLanguage\":\"de\",\"@id\":\"https:\/\/swissvetgroup.com\/de\/#\/schema\/logo\/image\/\",\"url\":\"https:\/\/swissvetgroup.com\/wp-content\/uploads\/2021\/05\/SVG_logo_v.svg\",\"contentUrl\":\"https:\/\/swissvetgroup.com\/wp-content\/uploads\/2021\/05\/SVG_logo_v.svg\",\"width\":512,\"height\":668,\"caption\":\"SWISSVET GROUP\"},\"image\":{\"@id\":\"https:\/\/swissvetgroup.com\/de\/#\/schema\/logo\/image\/\"}}]}<\/script>\n<!-- \/ Yoast SEO plugin. -->","yoast_head_json":{"title":"Team - Swissvet Group","robots":{"index":"index","follow":"follow","max-snippet":"max-snippet:-1","max-image-preview":"max-image-preview:large","max-video-preview":"max-video-preview:-1"},"canonical":"https:\/\/swissvetgroup.com\/de\/team\/","og_locale":"de_DE","og_type":"article","og_title":"Team - Swissvet Group","og_description":"Unser Team Dr med. vet. Antoine Adam CEO &amp; Mitgr\u00fcndervon Swissvet GroupGr\u00fcnder von Vetmidi Etoy &amp; St-Prex Florent Bourachot Mitgr\u00fcndervon Swissvet Group Tullia Celii Leiterin Administration, Finanzwesen &amp; HR Jonas Wantz Leiter Logistik und nicht-medizinisches Management Evelyne Gartenmann Meier Marketing &amp; Kommunikation Manager C\u00e9cile D\u00fcrig Personalbereich Julia Alvarez Koordinatorin f\u00fcr regionale Entwicklung Mathias Bollmann Operation... Read more &raquo;","og_url":"https:\/\/swissvetgroup.com\/de\/team\/","og_site_name":"Swissvet Group","article_modified_time":"2025-10-08T19:25:53+00:00","og_image":[{"width":340,"height":341,"url":"https:\/\/swissvetgroup.com\/wp-content\/uploads\/2022\/01\/Adam.jpeg","type":"image\/jpeg"}],"twitter_card":"summary_large_image","twitter_misc":{"Gesch\u00e4tzte Lesezeit":"3\u00a0Minuten"},"schema":{"@context":"https:\/\/schema.org","@graph":[{"@type":"WebPage","@id":"https:\/\/swissvetgroup.com\/de\/team\/","url":"https:\/\/swissvetgroup.com\/de\/team\/","name":"Team - Swissvet Group","isPartOf":{"@id":"https:\/\/swissvetgroup.com\/de\/#website"},"primaryImageOfPage":{"@id":"https:\/\/swissvetgroup.com\/de\/team\/#primaryimage"},"image":{"@id":"https:\/\/swissvetgroup.com\/de\/team\/#primaryimage"},"thumbnailUrl":"https:\/\/swissvetgroup.com\/wp-content\/uploads\/2022\/01\/Adam.jpeg","datePublished":"2021-11-25T09:16:56+00:00","dateModified":"2025-10-08T19:25:53+00:00","breadcrumb":{"@id":"https:\/\/swissvetgroup.com\/de\/team\/#breadcrumb"},"inLanguage":"de","potentialAction":[{"@type":"ReadAction","target":["https:\/\/swissvetgroup.com\/de\/team\/"]}]},{"@type":"ImageObject","inLanguage":"de","@id":"https:\/\/swissvetgroup.com\/de\/team\/#primaryimage","url":"https:\/\/swissvetgroup.com\/wp-content\/uploads\/2022\/01\/Adam.jpeg","contentUrl":"https:\/\/swissvetgroup.com\/wp-content\/uploads\/2022\/01\/Adam.jpeg"},{"@type":"BreadcrumbList","@id":"https:\/\/swissvetgroup.com\/de\/team\/#breadcrumb","itemListElement":[{"@type":"ListItem","position":1,"name":"Home","item":"https:\/\/swissvetgroup.com\/de\/"},{"@type":"ListItem","position":2,"name":"Team"}]},{"@type":"WebSite","@id":"https:\/\/swissvetgroup.com\/de\/#website","url":"https:\/\/swissvetgroup.com\/de\/","name":"Swissvet Group","description":"R\u00e9seau de v\u00e9t\u00e9rinaire en Suisse","publisher":{"@id":"https:\/\/swissvetgroup.com\/de\/#organization"},"potentialAction":[{"@type":"SearchAction","target":{"@type":"EntryPoint","urlTemplate":"https:\/\/swissvetgroup.com\/de\/?s={search_term_string}"},"query-input":{"@type":"PropertyValueSpecification","valueRequired":true,"valueName":"search_term_string"}}],"inLanguage":"de"},{"@type":"Organization","@id":"https:\/\/swissvetgroup.com\/de\/#organization","name":"SWISSVET GROUP","url":"https:\/\/swissvetgroup.com\/de\/","logo":{"@type":"ImageObject","inLanguage":"de","@id":"https:\/\/swissvetgroup.com\/de\/#\/schema\/logo\/image\/","url":"https:\/\/swissvetgroup.com\/wp-content\/uploads\/2021\/05\/SVG_logo_v.svg","contentUrl":"https:\/\/swissvetgroup.com\/wp-content\/uploads\/2021\/05\/SVG_logo_v.svg","width":512,"height":668,"caption":"SWISSVET GROUP"},"image":{"@id":"https:\/\/swissvetgroup.com\/de\/#\/schema\/logo\/image\/"}}]}},"_links":{"self":[{"href":"https:\/\/swissvetgroup.com\/de\/wp-json\/wp\/v2\/pages\/2941","targetHints":{"allow":["GET"]}}],"collection":[{"href":"https:\/\/swissvetgroup.com\/de\/wp-json\/wp\/v2\/pages"}],"about":[{"href":"https:\/\/swissvetgroup.com\/de\/wp-json\/wp\/v2\/types\/page"}],"author":[{"embeddable":true,"href":"https:\/\/swissvetgroup.com\/de\/wp-json\/wp\/v2\/users\/11"}],"replies":[{"embeddable":true,"href":"https:\/\/swissvetgroup.com\/de\/wp-json\/wp\/v2\/comments?post=2941"}],"version-history":[{"count":10,"href":"https:\/\/swissvetgroup.com\/de\/wp-json\/wp\/v2\/pages\/2941\/revisions"}],"predecessor-version":[{"id":5820,"href":"https:\/\/swissvetgroup.com\/de\/wp-json\/wp\/v2\/pages\/2941\/revisions\/5820"}],"wp:attachment":[{"href":"https:\/\/swissvetgroup.com\/de\/wp-json\/wp\/v2\/media?parent=2941"}],"curies":[{"name":"wp","href":"https:\/\/api.w.org\/{rel}","templated":true}]}}