
{"id":2966,"date":"2021-05-12T10:10:57","date_gmt":"2021-05-12T10:10:57","guid":{"rendered":"https:\/\/swissvetgroup.com\/emploi\/"},"modified":"2022-06-27T11:22:44","modified_gmt":"2022-06-27T11:22:44","slug":"jobs","status":"publish","type":"page","link":"https:\/\/swissvetgroup.com\/de\/jobs\/","title":{"rendered":"JOBS"},"content":{"rendered":"\n<div class=\"wp-block-group alignfull\"><div class=\"wp-block-group__inner-container is-layout-flow wp-block-group-is-layout-flow\">\n<div class=\"wp-block-cover alignfull is-light\" style=\"min-height:461px;aspect-ratio:unset;\"><span aria-hidden=\"true\" class=\"wp-block-cover__background has-secondary-background-color has-background-dim-20 has-background-dim\"><\/span><img loading=\"lazy\" decoding=\"async\" width=\"1000\" height=\"668\" class=\"wp-block-cover__image-background wp-image-134\" alt=\"\" src=\"https:\/\/swissvetgroup.com\/wp-content\/uploads\/2021\/05\/shutterstock_663987937-copie.jpg\" style=\"object-position:42% 38%\" data-object-fit=\"cover\" data-object-position=\"42% 38%\" srcset=\"https:\/\/swissvetgroup.com\/wp-content\/uploads\/2021\/05\/shutterstock_663987937-copie.jpg 1000w, https:\/\/swissvetgroup.com\/wp-content\/uploads\/2021\/05\/shutterstock_663987937-copie-300x200.jpg 300w, https:\/\/swissvetgroup.com\/wp-content\/uploads\/2021\/05\/shutterstock_663987937-copie-768x513.jpg 768w\" sizes=\"auto, (max-width: 1000px) 100vw, 1000px\" \/><div class=\"wp-block-cover__inner-container is-layout-flow wp-block-cover-is-layout-flow\">\n<h1 class=\"has-white-color has-text-color wp-block-heading\" id=\"emploi-postes-vacants-icon-name-user-md-prefix-fas\">JOBS <i class=\"fas fa-user-md\"><\/i><\/h1>\n\n\n\n<h2 class=\"has-white-color has-text-color wp-block-heading\" id=\"swissvet-group-reseau-de-cabinets-veterinaires-en-suisse-romande-nous-employons-120-personnes-dans-12-cabinets-differents\"><strong><meta charset=\"utf-8\"><strong>SWISSVET GROUP<\/strong><\/strong>, das Tierarztpraxen-Netzwerk in der Schweiz.<br>Wir besch\u00e4ftigen 120 Personen in 12 Tierarztpraxen. <br>Vielleicht bald auch Sie?<br><\/h2>\n\n\n\n<p><\/p>\n<\/div><\/div>\n<\/div><\/div>\n\n\n\n<div class=\"wp-block-group alignfull\"><div class=\"wp-block-group__inner-container is-layout-flow wp-block-group-is-layout-flow\">\n<div style=\"height:61px\" aria-hidden=\"true\" class=\"wp-block-spacer\"><\/div>\n\n\n\n<div class=\"wp-block-columns is-layout-flex wp-container-core-columns-is-layout-9d6595d7 wp-block-columns-is-layout-flex\">\n<div class=\"wp-block-column is-vertically-aligned-center is-layout-flow wp-block-column-is-layout-flow\" style=\"flex-basis:80%\">\n<h2 class=\"wp-block-heading\" id=\"rejoindre-swissvet-group-c-est-avant-tout-rejoindre-un-reseau-de-professionnels-engages-et-passionnes\"><meta charset=\"utf-8\">Bei SWISSVET GROUP erwartet Sie ein Netzwerk mit engagierten und passionierten Fachleuten.<\/h2>\n\n\n\n<div style=\"height:19px\" aria-hidden=\"true\" class=\"wp-block-spacer\"><\/div>\n\n\n\n<p>Wir investieren st\u00e4ndig in unsere Teams, unsere Praxen sowie in Spitzentechnologie, um den Besitzerinnen und Besitzern von Haustieren qualitativ hochstehende Dienstleistungen und die besten Behandlungen f\u00fcr ihre Lieblinge bieten zu k\u00f6nnen.<\/p>\n\n\n\n<p>Unsere Priorit\u00e4t: die Fortbildung unserer Teams. Wir veranstalten regelm\u00e4ssig interne Schulungen, sowohl f\u00fcr die Tier\u00e4rztinnen und Tier\u00e4rzte als auch f\u00fcr ihre Assistentinnen und Assistenten.<\/p>\n<\/div>\n<\/div>\n\n\n\n<div style=\"height:80px\" aria-hidden=\"true\" class=\"wp-block-spacer\"><\/div>\n\n\n\n<div class=\"wp-block-group\"><div class=\"wp-block-group__inner-container is-layout-flow wp-block-group-is-layout-flow\">\n<div class=\"wp-block-group alignfull has-white-color has-primary-background-color has-text-color has-background\"><div class=\"wp-block-group__inner-container is-layout-flow wp-block-group-is-layout-flow\">\n<div style=\"height:48px\" aria-hidden=\"true\" class=\"wp-block-spacer\"><\/div>\n\n\n\n<div class=\"wp-block-columns is-layout-flex wp-container-core-columns-is-layout-9d6595d7 wp-block-columns-is-layout-flex\">\n<div class=\"wp-block-column is-layout-flow wp-block-column-is-layout-flow\">\n<h2 class=\"has-text-align-center wp-block-heading\"><i class=\"fas fa-users-class\"><\/i> <\/h2>\n\n\n\n<h2 class=\"has-text-align-center has-medium-font-size wp-block-heading\">Unterst\u00fctzung und Organisation von interner und externer Fortbildung<\/h2>\n<\/div>\n\n\n\n<div class=\"wp-block-column is-layout-flow wp-block-column-is-layout-flow\">\n<h2 class=\"has-text-align-center wp-block-heading\"><meta charset=\"utf-8\"><i class=\"fas fa-star\"><\/i><\/h2>\n\n\n\n<h2 class=\"has-text-align-center has-medium-font-size wp-block-heading\">Betreuung bei der Perfektionierung Ihrer Kompetenzen<\/h2>\n<\/div>\n\n\n\n<div class=\"wp-block-column is-layout-flow wp-block-column-is-layout-flow\">\n<h2 class=\"has-text-align-center wp-block-heading\"><i class=\"fas fa-memory\"><\/i><\/h2>\n\n\n\n<h2 class=\"has-text-align-center has-medium-font-size wp-block-heading\">Zugang zu modernster Technologie f\u00fcr Laparaskopie, Endoskopie oder Scanner usw.<\/h2>\n<\/div>\n\n\n\n<div class=\"wp-block-column is-layout-flow wp-block-column-is-layout-flow\">\n<h2 class=\"has-text-align-center wp-block-heading\"><i class=\"fas fa-users\"><\/i><\/h2>\n\n\n\n<h2 class=\"has-text-align-center has-medium-font-size wp-block-heading\">Zusammenarbeit mit pluridisziplin\u00e4ren Teams, zu denen auch mehrere Fach\u00e4rzte geh\u00f6ren<\/h2>\n<\/div>\n<\/div>\n\n\n\n<div class=\"wp-block-columns is-layout-flex wp-container-core-columns-is-layout-9d6595d7 wp-block-columns-is-layout-flex\">\n<div class=\"wp-block-column is-layout-flow wp-block-column-is-layout-flow\" style=\"flex-basis:10%\"><\/div>\n\n\n\n<div class=\"wp-block-column is-layout-flow wp-block-column-is-layout-flow\">\n<h2 class=\"has-text-align-center wp-block-heading\"><i class=\"fas fa-house-return\"><\/i><\/h2>\n\n\n\n<h2 class=\"has-text-align-center has-medium-font-size wp-block-heading\">Flexibles Arbeitspensum m\u00f6glich<\/h2>\n<\/div>\n\n\n\n<div class=\"wp-block-column is-layout-flow wp-block-column-is-layout-flow\">\n<h2 class=\"has-text-align-center wp-block-heading\"><i class=\"fas fa-comment-smile\"><\/i><\/h2>\n\n\n\n<h2 class=\"has-text-align-center has-medium-font-size wp-block-heading\">Austausch mit anderen Netzwerkmitgliedern &nbsp;<\/h2>\n<\/div>\n\n\n\n<div class=\"wp-block-column is-layout-flow wp-block-column-is-layout-flow\">\n<h2 class=\"has-text-align-center wp-block-heading\"><i class=\"fas fa-hands-helping\"><\/i><\/h2>\n\n\n\n<h2 class=\"has-text-align-center has-medium-font-size wp-block-heading\">Unterst\u00fctzung bei administrativen Aufgaben \u2013 Aufenthaltsgenehmigung<\/h2>\n<\/div>\n\n\n\n<div class=\"wp-block-column is-layout-flow wp-block-column-is-layout-flow\" style=\"flex-basis:10%\"><\/div>\n<\/div>\n\n\n\n<div id=\"spontane\" class=\"wp-block-spacer\" style=\"height: 48px;\" aria-hidden=\"true\">&nbsp;<\/div>\n<\/div><\/div>\n<\/div><\/div>\n\n\n\n<div class=\"wp-block-group alignfull has-gray-light-background-color has-background\"><div class=\"wp-block-group__inner-container is-layout-flow wp-block-group-is-layout-flow\">\n<div style=\"height:28px\" aria-hidden=\"true\" class=\"wp-block-spacer\"><\/div>\n\n\n\n<h2 class=\"has-text-align-left wp-block-heading\" id=\"icon-name-user-md-prefix-fas-postes-vacants\"><i class=\"fas fa-user-md\"><\/i> Unsere Jobangebote<\/h2>\n\n\n\n<div class=\"wp-block-columns is-layout-flex wp-container-core-columns-is-layout-9d6595d7 wp-block-columns-is-layout-flex\">\n<div class=\"wp-block-column is-vertically-aligned-center is-layout-flow wp-block-column-is-layout-flow\">\n<h4 class=\"wp-block-heading\" id=\"nous-avons-des-positions-pour-tout-type-de-profils-que-vous-soyez-generaliste-specialiste-ou-jeune-diplome-e\"><meta charset=\"utf-8\">Wir haben Stellen f\u00fcr jede Art von Profil, ganz gleich, ob Sie Tierarzt oder Fachtierarzt sind oder Ihr Diplom gerade erhalten haben.<\/h4>\n\n\n\n<p class=\"has-primary-color has-text-color\"><strong>Im Moment werden unsere freien Stellen nur auf Franz\u00f6sisch ver\u00f6ffentlicht.<\/strong><\/p>\n<\/div>\n<\/div>\n<\/div><\/div>\n<\/div><\/div>\n\n\n\n<div style=\"height:100px\" aria-hidden=\"true\" class=\"wp-block-spacer\"><\/div>\n\n\n\n\n\n<div id=\"block-block_609bab6c0d134\" class=\"block-grid-job alt-bg\">\n                <div class=\"alignfull alt-bg padding\">\n            <div class=\"grid-container\">\n                <h2 class=\"padding padding--bottom\">AMV<\/h2>\n                <div class=\"grid-x grid--masonry grid-margin-x grid-margin-y medium-up-3\">\n                    <div class=\"cell grid-sizer\"><\/div>\n\n                                            <div class=\"cell padding padding--small cell--masonry cell--shadow cell--border\">\n                            <h3>AMV &#8211; VetLeman<\/h3>\n                            <div class=\"flex-container job-info\">\n                                <div class=\"\">100%<\/div>\n                                <div class=\"\"><\/div>\n                            <\/div>\n                            <p>REJOIGNEZ NOTRE EQUIPE AU CABINET VETLEMAN A CRISSIER !<\/p>\n\n                                                                                            <a class=\"button\" href=\"https:\/\/cluster-1-sa.breezy.hr\/p\/d787198c349d-amv-vetleman\">\n                                    <i class=\"fas fa-handshake-alt\"><\/i>                                 <\/a>\n                                                    <\/div>\n                                            <div class=\"cell padding padding--small cell--masonry cell--shadow cell--border\">\n                            <h3>AMV \u00e0 VetAvry<\/h3>\n                            <div class=\"flex-container job-info\">\n                                <div class=\"\">50%<\/div>\n                                <div class=\"\"><\/div>\n                            <\/div>\n                            <p>UN POSTE TEMPORAIRE S&#8217;OUVRE A VETAVRY &#8211; VENEZ RENFORCER NOTRE EQUIPE !<\/p>\n\n                                                                                            <a class=\"button\" href=\"https:\/\/cluster-1-sa.breezy.hr\/p\/d91a80a990aa-amv-vetavry\">\n                                    <i class=\"fas fa-handshake-alt\"><\/i>                                 <\/a>\n                                                    <\/div>\n                                            <div class=\"cell padding padding--small cell--masonry cell--shadow cell--border\">\n                            <h3>AMV de chirurgie \u00e0 VetMidi Etoy<\/h3>\n                            <div class=\"flex-container job-info\">\n                                <div class=\"\">100%<\/div>\n                                <div class=\"\"><\/div>\n                            <\/div>\n                            <p>ENVIE DE VIVRE LA CHIRURGIE AU C\u0152UR DE L\u2019ACTION ? REJOIGNEZ NOTRE \u00c9QUIPE VETMIDI \u00c0 ETOY !<\/p>\n\n                                                                                            <a class=\"button\" href=\"https:\/\/cluster-1-sa.breezy.hr\/p\/ad4b58694f0d-amv-de-chirurgie \">\n                                    <i class=\"fas fa-handshake-alt\"><\/i>                                 <\/a>\n                                                    <\/div>\n                                    <\/div>\n                            <\/div>\n        <\/div>\n            <div class=\"alignfull alt-bg padding\">\n            <div class=\"grid-container\">\n                <h2 class=\"padding padding--bottom\">V\u00e9t\u00e9rinaires<\/h2>\n                <div class=\"grid-x grid--masonry grid-margin-x grid-margin-y medium-up-3\">\n                    <div class=\"cell grid-sizer\"><\/div>\n\n                                            <div class=\"cell padding padding--small cell--masonry cell--shadow cell--border\">\n                            <h3>M\u00e9decine V\u00e9t\u00e9rinaire sp\u00e9cialis\u00e9\u00b7e en m\u00e9decine interne (CDI 100%) &#8211; VetGen\u00e8ve<\/h3>\n                            <div class=\"flex-container job-info\">\n                                <div class=\"\">100%<\/div>\n                                <div class=\"\"><\/div>\n                            <\/div>\n                            <p><\/p>\n\n                                                                                            <a class=\"button\" href=\"https:\/\/cluster-1-sa.breezy.hr\/p\/1fe3375366a8-medecin-veterinaire-specialise-en-medecine-interne \">\n                                    <i class=\"fas fa-handshake-alt\"><\/i>                                 <\/a>\n                                                    <\/div>\n                                            <div class=\"cell padding padding--small cell--masonry cell--shadow cell--border\">\n                            <h3>V\u00e9t\u00e9rinaire itin\u00e9rant en \u00e9chographie<\/h3>\n                            <div class=\"flex-container job-info\">\n                                <div class=\"\">60% -100% <\/div>\n                                <div class=\"\"><\/div>\n                            <\/div>\n                            <p>REJOIGNEZ SWISSVET GROUP POUR ALLIER EXPERTISE, INNOVATION ET AVENTURE DANS UN ENVIRONNEMENT STIMULANT ET CONVIVIAL !<\/p>\n\n                                                                                            <a class=\"button\" href=\"https:\/\/cluster-1-sa.breezy.hr\/p\/92445c52574a-echographiste-mobile \">\n                                    <i class=\"fas fa-handshake-alt\"><\/i>                                 <\/a>\n                                                    <\/div>\n                                            <div class=\"cell padding padding--small cell--masonry cell--shadow cell--border\">\n                            <h3>Imaging Specialist \/ Sp\u00e9cialiste en imagerie<\/h3>\n                            <div class=\"flex-container job-info\">\n                                <div class=\"\">\u00e0 d\u00e9finir<\/div>\n                                <div class=\"\"><\/div>\n                            <\/div>\n                            <p>Build a career and a home in Switzerland ! \/ Une opportunit\u00e9 de construire une carri\u00e8re et un foyer en Suisse!<\/p>\n\n                                                                                            <a class=\"button\" href=\"https:\/\/cluster-1-sa.breezy.hr\/p\/f975314f8330-imaging-specialist-specialiste-en-imagerie\">\n                                    <i class=\"fas fa-handshake-alt\"><\/i> Voir l&#8217;annonce                                <\/a>\n                                                    <\/div>\n                                    <\/div>\n                            <\/div>\n        <\/div>\n            <div class=\"alignfull alt-bg padding\">\n            <div class=\"grid-container\">\n                <h2 class=\"padding padding--bottom\">Responsables de cabinet<\/h2>\n                <div class=\"grid-x grid--masonry grid-margin-x grid-margin-y medium-up-3\">\n                    <div class=\"cell grid-sizer\"><\/div>\n\n                                            <div class=\"cell padding padding--small cell--masonry cell--shadow cell--border\">\n                            <h3>M\u00e9decin V\u00e9t\u00e9rinaire &#8211; Directeur-trice<\/h3>\n                            <div class=\"flex-container job-info\">\n                                <div class=\"\">100%<\/div>\n                                <div class=\"\"><\/div>\n                            <\/div>\n                            <p>L\u2019opportunit\u00e9 de diriger un cabinet v\u00e9t\u00e9rinaire\u00a0au sein d\u2019un r\u00e9seau de v\u00e9t\u00e9rinaires passionn\u00e9s !<\/p>\n\n                                                                                            <a class=\"button\" href=\" https:\/\/cluster-1-sa.breezy.hr\/p\/655b58f00513 \">\n                                    <i class=\"fas fa-handshake-alt\"><\/i> Voir l&#8217;annonce                                <\/a>\n                                                    <\/div>\n                                    <\/div>\n                            <\/div>\n        <\/div>\n    <\/div>","protected":false},"excerpt":{"rendered":"<p>Bei SWISSVET GROUP erwartet Sie ein Netzwerk mit engagierten und passionierten Fachleuten. Wir investieren st\u00e4ndig in unsere Teams, unsere Praxen sowie in Spitzentechnologie, um den Besitzerinnen und Besitzern von Haustieren qualitativ hochstehende Dienstleistungen und die besten Behandlungen f\u00fcr ihre Lieblinge bieten zu k\u00f6nnen. Unsere Priorit\u00e4t: die Fortbildung unserer Teams. Wir veranstalten regelm\u00e4ssig interne Schulungen, sowohl<a class=\"excerpt-read-more\" href=\"https:\/\/swissvetgroup.com\/de\/jobs\/\" title=\"ReadJOBS\">&#8230; Read more &raquo;<\/a><\/p>\n","protected":false},"author":9,"featured_media":0,"parent":0,"menu_order":0,"comment_status":"closed","ping_status":"closed","template":"","meta":{"_acf_changed":false,"footnotes":""},"class_list":["post-2966","page","type-page","status-publish","hentry"],"acf":[],"yoast_head":"<!-- This site is optimized with the Yoast SEO plugin v27.0 - https:\/\/yoast.com\/product\/yoast-seo-wordpress\/ -->\n<title>JOBS - Swissvet Group<\/title>\n<meta name=\"robots\" content=\"index, follow, max-snippet:-1, max-image-preview:large, max-video-preview:-1\" \/>\n<link rel=\"canonical\" href=\"https:\/\/swissvetgroup.com\/de\/jobs\/\" \/>\n<meta property=\"og:locale\" content=\"de_DE\" \/>\n<meta property=\"og:type\" content=\"article\" \/>\n<meta property=\"og:title\" content=\"JOBS - Swissvet Group\" \/>\n<meta property=\"og:description\" content=\"Bei SWISSVET GROUP erwartet Sie ein Netzwerk mit engagierten und passionierten Fachleuten. Wir investieren st\u00e4ndig in unsere Teams, unsere Praxen sowie in Spitzentechnologie, um den Besitzerinnen und Besitzern von Haustieren qualitativ hochstehende Dienstleistungen und die besten Behandlungen f\u00fcr ihre Lieblinge bieten zu k\u00f6nnen. Unsere Priorit\u00e4t: die Fortbildung unserer Teams. Wir veranstalten regelm\u00e4ssig interne Schulungen, sowohl... Read more &raquo;\" \/>\n<meta property=\"og:url\" content=\"https:\/\/swissvetgroup.com\/de\/jobs\/\" \/>\n<meta property=\"og:site_name\" content=\"Swissvet Group\" \/>\n<meta property=\"article:modified_time\" content=\"2022-06-27T11:22:44+00:00\" \/>\n<meta property=\"og:image\" content=\"https:\/\/swissvetgroup.com\/wp-content\/uploads\/2021\/05\/shutterstock_663987937-copie.jpg\" \/>\n<meta name=\"twitter:card\" content=\"summary_large_image\" \/>\n<meta name=\"twitter:label1\" content=\"Gesch\u00e4tzte Lesezeit\" \/>\n\t<meta name=\"twitter:data1\" content=\"2\u00a0Minuten\" \/>\n<script type=\"application\/ld+json\" class=\"yoast-schema-graph\">{\"@context\":\"https:\/\/schema.org\",\"@graph\":[{\"@type\":\"WebPage\",\"@id\":\"https:\/\/swissvetgroup.com\/de\/jobs\/\",\"url\":\"https:\/\/swissvetgroup.com\/de\/jobs\/\",\"name\":\"JOBS - Swissvet Group\",\"isPartOf\":{\"@id\":\"https:\/\/swissvetgroup.com\/de\/#website\"},\"primaryImageOfPage\":{\"@id\":\"https:\/\/swissvetgroup.com\/de\/jobs\/#primaryimage\"},\"image\":{\"@id\":\"https:\/\/swissvetgroup.com\/de\/jobs\/#primaryimage\"},\"thumbnailUrl\":\"https:\/\/swissvetgroup.com\/wp-content\/uploads\/2021\/05\/shutterstock_663987937-copie.jpg\",\"datePublished\":\"2021-05-12T10:10:57+00:00\",\"dateModified\":\"2022-06-27T11:22:44+00:00\",\"breadcrumb\":{\"@id\":\"https:\/\/swissvetgroup.com\/de\/jobs\/#breadcrumb\"},\"inLanguage\":\"de\",\"potentialAction\":[{\"@type\":\"ReadAction\",\"target\":[\"https:\/\/swissvetgroup.com\/de\/jobs\/\"]}]},{\"@type\":\"ImageObject\",\"inLanguage\":\"de\",\"@id\":\"https:\/\/swissvetgroup.com\/de\/jobs\/#primaryimage\",\"url\":\"https:\/\/swissvetgroup.com\/wp-content\/uploads\/2021\/05\/shutterstock_663987937-copie.jpg\",\"contentUrl\":\"https:\/\/swissvetgroup.com\/wp-content\/uploads\/2021\/05\/shutterstock_663987937-copie.jpg\"},{\"@type\":\"BreadcrumbList\",\"@id\":\"https:\/\/swissvetgroup.com\/de\/jobs\/#breadcrumb\",\"itemListElement\":[{\"@type\":\"ListItem\",\"position\":1,\"name\":\"Home\",\"item\":\"https:\/\/swissvetgroup.com\/de\/\"},{\"@type\":\"ListItem\",\"position\":2,\"name\":\"JOBS\"}]},{\"@type\":\"WebSite\",\"@id\":\"https:\/\/swissvetgroup.com\/de\/#website\",\"url\":\"https:\/\/swissvetgroup.com\/de\/\",\"name\":\"Swissvet Group\",\"description\":\"R\u00e9seau de v\u00e9t\u00e9rinaire en Suisse\",\"publisher\":{\"@id\":\"https:\/\/swissvetgroup.com\/de\/#organization\"},\"potentialAction\":[{\"@type\":\"SearchAction\",\"target\":{\"@type\":\"EntryPoint\",\"urlTemplate\":\"https:\/\/swissvetgroup.com\/de\/?s={search_term_string}\"},\"query-input\":{\"@type\":\"PropertyValueSpecification\",\"valueRequired\":true,\"valueName\":\"search_term_string\"}}],\"inLanguage\":\"de\"},{\"@type\":\"Organization\",\"@id\":\"https:\/\/swissvetgroup.com\/de\/#organization\",\"name\":\"SWISSVET GROUP\",\"url\":\"https:\/\/swissvetgroup.com\/de\/\",\"logo\":{\"@type\":\"ImageObject\",\"inLanguage\":\"de\",\"@id\":\"https:\/\/swissvetgroup.com\/de\/#\/schema\/logo\/image\/\",\"url\":\"https:\/\/swissvetgroup.com\/wp-content\/uploads\/2021\/05\/SVG_logo_v.svg\",\"contentUrl\":\"https:\/\/swissvetgroup.com\/wp-content\/uploads\/2021\/05\/SVG_logo_v.svg\",\"width\":512,\"height\":668,\"caption\":\"SWISSVET GROUP\"},\"image\":{\"@id\":\"https:\/\/swissvetgroup.com\/de\/#\/schema\/logo\/image\/\"}}]}<\/script>\n<!-- \/ Yoast SEO plugin. -->","yoast_head_json":{"title":"JOBS - Swissvet Group","robots":{"index":"index","follow":"follow","max-snippet":"max-snippet:-1","max-image-preview":"max-image-preview:large","max-video-preview":"max-video-preview:-1"},"canonical":"https:\/\/swissvetgroup.com\/de\/jobs\/","og_locale":"de_DE","og_type":"article","og_title":"JOBS - Swissvet Group","og_description":"Bei SWISSVET GROUP erwartet Sie ein Netzwerk mit engagierten und passionierten Fachleuten. Wir investieren st\u00e4ndig in unsere Teams, unsere Praxen sowie in Spitzentechnologie, um den Besitzerinnen und Besitzern von Haustieren qualitativ hochstehende Dienstleistungen und die besten Behandlungen f\u00fcr ihre Lieblinge bieten zu k\u00f6nnen. Unsere Priorit\u00e4t: die Fortbildung unserer Teams. Wir veranstalten regelm\u00e4ssig interne Schulungen, sowohl... Read more &raquo;","og_url":"https:\/\/swissvetgroup.com\/de\/jobs\/","og_site_name":"Swissvet Group","article_modified_time":"2022-06-27T11:22:44+00:00","og_image":[{"url":"https:\/\/swissvetgroup.com\/wp-content\/uploads\/2021\/05\/shutterstock_663987937-copie.jpg","type":"","width":"","height":""}],"twitter_card":"summary_large_image","twitter_misc":{"Gesch\u00e4tzte Lesezeit":"2\u00a0Minuten"},"schema":{"@context":"https:\/\/schema.org","@graph":[{"@type":"WebPage","@id":"https:\/\/swissvetgroup.com\/de\/jobs\/","url":"https:\/\/swissvetgroup.com\/de\/jobs\/","name":"JOBS - Swissvet Group","isPartOf":{"@id":"https:\/\/swissvetgroup.com\/de\/#website"},"primaryImageOfPage":{"@id":"https:\/\/swissvetgroup.com\/de\/jobs\/#primaryimage"},"image":{"@id":"https:\/\/swissvetgroup.com\/de\/jobs\/#primaryimage"},"thumbnailUrl":"https:\/\/swissvetgroup.com\/wp-content\/uploads\/2021\/05\/shutterstock_663987937-copie.jpg","datePublished":"2021-05-12T10:10:57+00:00","dateModified":"2022-06-27T11:22:44+00:00","breadcrumb":{"@id":"https:\/\/swissvetgroup.com\/de\/jobs\/#breadcrumb"},"inLanguage":"de","potentialAction":[{"@type":"ReadAction","target":["https:\/\/swissvetgroup.com\/de\/jobs\/"]}]},{"@type":"ImageObject","inLanguage":"de","@id":"https:\/\/swissvetgroup.com\/de\/jobs\/#primaryimage","url":"https:\/\/swissvetgroup.com\/wp-content\/uploads\/2021\/05\/shutterstock_663987937-copie.jpg","contentUrl":"https:\/\/swissvetgroup.com\/wp-content\/uploads\/2021\/05\/shutterstock_663987937-copie.jpg"},{"@type":"BreadcrumbList","@id":"https:\/\/swissvetgroup.com\/de\/jobs\/#breadcrumb","itemListElement":[{"@type":"ListItem","position":1,"name":"Home","item":"https:\/\/swissvetgroup.com\/de\/"},{"@type":"ListItem","position":2,"name":"JOBS"}]},{"@type":"WebSite","@id":"https:\/\/swissvetgroup.com\/de\/#website","url":"https:\/\/swissvetgroup.com\/de\/","name":"Swissvet Group","description":"R\u00e9seau de v\u00e9t\u00e9rinaire en Suisse","publisher":{"@id":"https:\/\/swissvetgroup.com\/de\/#organization"},"potentialAction":[{"@type":"SearchAction","target":{"@type":"EntryPoint","urlTemplate":"https:\/\/swissvetgroup.com\/de\/?s={search_term_string}"},"query-input":{"@type":"PropertyValueSpecification","valueRequired":true,"valueName":"search_term_string"}}],"inLanguage":"de"},{"@type":"Organization","@id":"https:\/\/swissvetgroup.com\/de\/#organization","name":"SWISSVET GROUP","url":"https:\/\/swissvetgroup.com\/de\/","logo":{"@type":"ImageObject","inLanguage":"de","@id":"https:\/\/swissvetgroup.com\/de\/#\/schema\/logo\/image\/","url":"https:\/\/swissvetgroup.com\/wp-content\/uploads\/2021\/05\/SVG_logo_v.svg","contentUrl":"https:\/\/swissvetgroup.com\/wp-content\/uploads\/2021\/05\/SVG_logo_v.svg","width":512,"height":668,"caption":"SWISSVET GROUP"},"image":{"@id":"https:\/\/swissvetgroup.com\/de\/#\/schema\/logo\/image\/"}}]}},"_links":{"self":[{"href":"https:\/\/swissvetgroup.com\/de\/wp-json\/wp\/v2\/pages\/2966","targetHints":{"allow":["GET"]}}],"collection":[{"href":"https:\/\/swissvetgroup.com\/de\/wp-json\/wp\/v2\/pages"}],"about":[{"href":"https:\/\/swissvetgroup.com\/de\/wp-json\/wp\/v2\/types\/page"}],"author":[{"embeddable":true,"href":"https:\/\/swissvetgroup.com\/de\/wp-json\/wp\/v2\/users\/9"}],"replies":[{"embeddable":true,"href":"https:\/\/swissvetgroup.com\/de\/wp-json\/wp\/v2\/comments?post=2966"}],"version-history":[{"count":5,"href":"https:\/\/swissvetgroup.com\/de\/wp-json\/wp\/v2\/pages\/2966\/revisions"}],"predecessor-version":[{"id":3311,"href":"https:\/\/swissvetgroup.com\/de\/wp-json\/wp\/v2\/pages\/2966\/revisions\/3311"}],"wp:attachment":[{"href":"https:\/\/swissvetgroup.com\/de\/wp-json\/wp\/v2\/media?parent=2966"}],"curies":[{"name":"wp","href":"https:\/\/api.w.org\/{rel}","templated":true}]}}