
{"id":4624,"date":"2024-04-30T11:19:42","date_gmt":"2024-04-30T11:19:42","guid":{"rendered":"https:\/\/swissvetgroup.com\/?page_id=4624"},"modified":"2024-04-30T13:31:23","modified_gmt":"2024-04-30T13:31:23","slug":"ueber-uns","status":"publish","type":"page","link":"https:\/\/swissvetgroup.com\/de\/ueber-uns\/","title":{"rendered":"\u00dcber uns"},"content":{"rendered":"\n<div class=\"wp-block-cover alignfull\" style=\"min-height:312px;aspect-ratio:unset;\"><span aria-hidden=\"true\" class=\"wp-block-cover__background has-primary-background-color has-background-dim-100 has-background-dim\"><\/span><div class=\"wp-block-cover__inner-container is-layout-flow wp-block-cover-is-layout-flow\">\n<p class=\"has-text-align-center has-large-font-size\">Ein Netzwerk von Tier\u00e4rzten f\u00fcr Tier\u00e4rzte<\/p>\n<\/div><\/div>\n\n\n\n<div style=\"height:81px\" aria-hidden=\"true\" class=\"wp-block-spacer\"><\/div>\n\n\n\n<p class=\"has-medium-font-size\">SWISSVET GROUP wurde 2017 in Lausanne (Schweiz) gegr\u00fcndet und ist ein Netzwerk von <a href=\"https:\/\/swissvetgroup.com\/de\/tierarztpraxen\/\">Tierarztpraxen<\/a>. Unsere Praxen bieten Haustieren eine ausgezeichnete medizinische Versorgung und modernste Behandlungsm\u00f6glichkeiten. Eine pers\u00f6nliche Betreuung der Besitzer und ein offenes Ohr f\u00fcr deren Fragen oder Sorgen sind selbstverst\u00e4ndlich. Jede Praxis ist einzigartig, sei es was ihre Gr\u00f6sse, ihre Funktionsweise, ihre Infrastruktur oder ihre Fachbereiche anbelangt. Und genau in dieser Vielfalt liegt die St\u00e4rke des Netzwerks !<br>SWISSVET GROUP ist ein Unternehmen von \u00fcberschaubarer Gr\u00f6sse. Das Schweizer Management-Team, das auch SWISSVET GROUP gegr\u00fcndet hat, arbeitet eng mit den Praxen und dem Support zusammen. Denn zwischenmenschliche Beziehungen haben bei uns Priorit\u00e4t.<br><br>Wir f\u00f6rdern unsere Mitarbeiterinnen und Mitarbeiter. Deshalb legen wir Wert auf Fortbildung, genauso wie auf ein interessantes Arbeitsumfeld mit pers\u00f6nlichen Entfaltungsm\u00f6glichkeiten. So bleiben wir immer auf dem neusten Stand der Medizin und k\u00f6nnen unsere Patienten bestm\u00f6glich behandeln.<meta charset=\"utf-8\"><\/meta><\/p>\n\n\n\n<p class=\"has-medium-font-size\">2021 hat sich SWISSVET GROUP der Familie von <a href=\"https:\/\/www.vetpartners.co.uk\/about-us\/\">VetPartners<\/a> aus York (England) angeschlossen. Das erm\u00f6glicht es uns, unsere gemeinsamen Werte zu pflegen.<\/p>\n\n\n\n<div style=\"height:56px\" aria-hidden=\"true\" class=\"wp-block-spacer\"><\/div>\n\n\n\n<figure class=\"wp-block-gallery has-nested-images columns-default is-cropped wp-block-gallery-1 is-layout-flex wp-block-gallery-is-layout-flex\">\n<figure class=\"wp-block-image size-large\"><img loading=\"lazy\" decoding=\"async\" width=\"1024\" height=\"1024\" data-id=\"2929\" src=\"https:\/\/swissvetgroup.com\/wp-content\/uploads\/2022\/01\/156199109_726889418024894_7282373700336908443_n-1024x1024.jpeg\" alt=\"\" class=\"wp-image-2929\" srcset=\"https:\/\/swissvetgroup.com\/wp-content\/uploads\/2022\/01\/156199109_726889418024894_7282373700336908443_n-1024x1024.jpeg 1024w, https:\/\/swissvetgroup.com\/wp-content\/uploads\/2022\/01\/156199109_726889418024894_7282373700336908443_n-300x300.jpeg 300w, https:\/\/swissvetgroup.com\/wp-content\/uploads\/2022\/01\/156199109_726889418024894_7282373700336908443_n-150x150.jpeg 150w, https:\/\/swissvetgroup.com\/wp-content\/uploads\/2022\/01\/156199109_726889418024894_7282373700336908443_n-768x768.jpeg 768w, https:\/\/swissvetgroup.com\/wp-content\/uploads\/2022\/01\/156199109_726889418024894_7282373700336908443_n-125x125.jpeg 125w, https:\/\/swissvetgroup.com\/wp-content\/uploads\/2022\/01\/156199109_726889418024894_7282373700336908443_n.jpeg 1440w\" sizes=\"auto, (max-width: 1024px) 100vw, 1024px\" \/><\/figure>\n\n\n\n<figure class=\"wp-block-image size-large\"><img loading=\"lazy\" decoding=\"async\" width=\"768\" height=\"1024\" data-id=\"2925\" src=\"https:\/\/swissvetgroup.com\/wp-content\/uploads\/2022\/01\/64b372b9-aa7e-4525-a0d7-8be1abd3a405.jpg\" alt=\"\" class=\"wp-image-2925\" srcset=\"https:\/\/swissvetgroup.com\/wp-content\/uploads\/2022\/01\/64b372b9-aa7e-4525-a0d7-8be1abd3a405.jpg 768w, https:\/\/swissvetgroup.com\/wp-content\/uploads\/2022\/01\/64b372b9-aa7e-4525-a0d7-8be1abd3a405-225x300.jpg 225w\" sizes=\"auto, (max-width: 768px) 100vw, 768px\" \/><\/figure>\n\n\n\n<figure class=\"wp-block-image size-large\"><img loading=\"lazy\" decoding=\"async\" width=\"768\" height=\"1024\" data-id=\"2930\" src=\"https:\/\/swissvetgroup.com\/wp-content\/uploads\/2022\/01\/IMG_2443-768x1024.jpg\" alt=\"\" class=\"wp-image-2930\" srcset=\"https:\/\/swissvetgroup.com\/wp-content\/uploads\/2022\/01\/IMG_2443-768x1024.jpg 768w, https:\/\/swissvetgroup.com\/wp-content\/uploads\/2022\/01\/IMG_2443-225x300.jpg 225w, https:\/\/swissvetgroup.com\/wp-content\/uploads\/2022\/01\/IMG_2443-1152x1536.jpg 1152w, https:\/\/swissvetgroup.com\/wp-content\/uploads\/2022\/01\/IMG_2443-1536x2048.jpg 1536w, https:\/\/swissvetgroup.com\/wp-content\/uploads\/2022\/01\/IMG_2443-scaled.jpg 1920w\" sizes=\"auto, (max-width: 768px) 100vw, 768px\" \/><\/figure>\n\n\n\n<figure class=\"wp-block-image size-large\"><img loading=\"lazy\" decoding=\"async\" width=\"768\" height=\"1024\" data-id=\"2789\" src=\"https:\/\/swissvetgroup.com\/wp-content\/uploads\/2022\/01\/ed1721a0-001e-4692-90a0-ab5d4d3522e6-768x1024.jpg\" alt=\"\" class=\"wp-image-2789\" srcset=\"https:\/\/swissvetgroup.com\/wp-content\/uploads\/2022\/01\/ed1721a0-001e-4692-90a0-ab5d4d3522e6-768x1024.jpg 768w, https:\/\/swissvetgroup.com\/wp-content\/uploads\/2022\/01\/ed1721a0-001e-4692-90a0-ab5d4d3522e6-225x300.jpg 225w, https:\/\/swissvetgroup.com\/wp-content\/uploads\/2022\/01\/ed1721a0-001e-4692-90a0-ab5d4d3522e6-1152x1536.jpg 1152w, https:\/\/swissvetgroup.com\/wp-content\/uploads\/2022\/01\/ed1721a0-001e-4692-90a0-ab5d4d3522e6.jpg 1536w\" sizes=\"auto, (max-width: 768px) 100vw, 768px\" \/><\/figure>\n\n\n\n<figure class=\"wp-block-image size-large\"><img loading=\"lazy\" decoding=\"async\" width=\"1024\" height=\"768\" data-id=\"2928\" src=\"https:\/\/swissvetgroup.com\/wp-content\/uploads\/2022\/01\/81afdf0c-41b9-4d56-b11e-29c0ce95a472-1024x768.jpg\" alt=\"\" class=\"wp-image-2928\" srcset=\"https:\/\/swissvetgroup.com\/wp-content\/uploads\/2022\/01\/81afdf0c-41b9-4d56-b11e-29c0ce95a472-1024x768.jpg 1024w, https:\/\/swissvetgroup.com\/wp-content\/uploads\/2022\/01\/81afdf0c-41b9-4d56-b11e-29c0ce95a472-300x225.jpg 300w, https:\/\/swissvetgroup.com\/wp-content\/uploads\/2022\/01\/81afdf0c-41b9-4d56-b11e-29c0ce95a472-768x576.jpg 768w, https:\/\/swissvetgroup.com\/wp-content\/uploads\/2022\/01\/81afdf0c-41b9-4d56-b11e-29c0ce95a472-1536x1152.jpg 1536w, https:\/\/swissvetgroup.com\/wp-content\/uploads\/2022\/01\/81afdf0c-41b9-4d56-b11e-29c0ce95a472.jpg 1824w\" sizes=\"auto, (max-width: 1024px) 100vw, 1024px\" \/><\/figure>\n\n\n\n<figure class=\"wp-block-image size-large\"><img loading=\"lazy\" decoding=\"async\" width=\"1024\" height=\"768\" data-id=\"2922\" src=\"https:\/\/swissvetgroup.com\/wp-content\/uploads\/2022\/01\/aigle_2-1024x768.jpg\" alt=\"\" class=\"wp-image-2922\" srcset=\"https:\/\/swissvetgroup.com\/wp-content\/uploads\/2022\/01\/aigle_2-1024x768.jpg 1024w, https:\/\/swissvetgroup.com\/wp-content\/uploads\/2022\/01\/aigle_2-300x225.jpg 300w, https:\/\/swissvetgroup.com\/wp-content\/uploads\/2022\/01\/aigle_2-768x576.jpg 768w, https:\/\/swissvetgroup.com\/wp-content\/uploads\/2022\/01\/aigle_2-1536x1152.jpg 1536w, https:\/\/swissvetgroup.com\/wp-content\/uploads\/2022\/01\/aigle_2-2048x1536.jpg 2048w, https:\/\/swissvetgroup.com\/wp-content\/uploads\/2022\/01\/aigle_2-1920x1440.jpg 1920w\" sizes=\"auto, (max-width: 1024px) 100vw, 1024px\" \/><\/figure>\n<\/figure>\n\n\n\n<div style=\"height:30px\" aria-hidden=\"true\" class=\"wp-block-spacer\"><\/div>\n\n\n\n<figure class=\"wp-block-image size-full is-resized\"><img loading=\"lazy\" decoding=\"async\" width=\"787\" height=\"197\" src=\"https:\/\/swissvetgroup.com\/wp-content\/uploads\/2021\/11\/Vetpartners-logo-2020_1.png\" alt=\"\" class=\"wp-image-2938\" style=\"width:350px\" srcset=\"https:\/\/swissvetgroup.com\/wp-content\/uploads\/2021\/11\/Vetpartners-logo-2020_1.png 787w, https:\/\/swissvetgroup.com\/wp-content\/uploads\/2021\/11\/Vetpartners-logo-2020_1-300x75.png 300w, https:\/\/swissvetgroup.com\/wp-content\/uploads\/2021\/11\/Vetpartners-logo-2020_1-768x192.png 768w\" sizes=\"auto, (max-width: 787px) 100vw, 787px\" \/><\/figure>\n\n\n\n<h2 class=\"wp-block-heading\">VetPartners entstand im Oktober 2015 durch den Zusammenschluss von drei Tierarztpraxen in England. Jo Malone, die bei Minster Vets in York als leitende Tier\u00e4rztin praktizierte, gr\u00fcndete VetPartners und f\u00fchrt das Unternehmen seitdem.<\/h2>\n\n\n\n<p><\/p>\n\n\n\n<p>Ihre eigene Praxis war bereits vorher Teil einer Tierarztgruppe. Die Erfahrungen, die Jo Malone dabei machte, bewogen sie dazu eine eigene Gruppe zu gr\u00fcnden, in der die Werte, die ihr am Herzen liegen, auch t\u00e4glich gelebt werden: respektvoller Umgang, gegenseitige Unterst\u00fctzung, Engagement und Ansprechbarkeit werden bei VetPartners gro\u00dfgeschrieben.<\/p>\n\n\n\n<p>Sie pflegt im Unternehmen ausdr\u00fccklich eine Kultur der Zusammengeh\u00f6rigkeit und Warmherzigkeit und setzt sich dabei entschieden daf\u00fcr ein, dass alles f\u00fcr die bestm\u00f6gliche Versorgung unserer Patienten und deren BesitzerInnen und die konsequente F\u00f6rderung unserer Mitarbeiter getan wird.<\/p>\n\n\n\n<p id=\"tw-target-text\">Das Motto \u201aWe are family\u2019 unterstreicht die enge Zusammenarbeit innerhalb der Gruppe.<\/p>\n\n\n\n<p id=\"tw-target-text\">Zun\u00e4chst schlossen sich vornehmlich Kleintierpraxen VetPartners an. In den folgenden Jahren wurde die starke Expansion auch durch \u00dcbernahme von Pferde-, Gemischt- und Gro\u00dftierpraxen fortgesetzt und das Unternehmen durch Angliederung von Laboren, Tierkrematorien, einer Schule f\u00fcr Tiermedizinische Fachangestellte und einem Institut f\u00fcr Milchhygiene weitergehend diversifiziert. In den Praxen wird besonders in hochwertige Technologie investiert, dazu geh\u00f6ren neben neuesten digitalen R\u00f6ntgenger\u00e4ten auch CT- und MRT-Scanner.<\/p>\n\n\n\n<p>Seit 2019 w\u00e4chst die Zahl unserer Tierarztpraxen auch in Italien und Frankreich und seit 2021 geh\u00f6ren Praxen in Spanien, in Deutschland und in der Schweiz zu unserer sich unaufhaltsam vergr\u00f6\u00dfernden Praxis-Familie.<\/p>\n\n\n\n<p><strong>Erfahren sie mehr https:\/\/www.vetpartners.co.uk\/<\/strong><\/p>\n\n\n\n<figure class=\"wp-block-gallery has-nested-images columns-default is-cropped wp-block-gallery-2 is-layout-flex wp-block-gallery-is-layout-flex\">\n<figure class=\"wp-block-image size-large\"><img loading=\"lazy\" decoding=\"async\" width=\"1024\" height=\"683\" data-id=\"4584\" src=\"https:\/\/swissvetgroup.com\/wp-content\/uploads\/2024\/03\/Jo-Malone-with-Tilly-her-Cavapoo-1024x683.jpg\" alt=\"Jo-Malone-with-Tilly-her-Cavapoo.jpg\n\" class=\"wp-image-4584\" srcset=\"https:\/\/swissvetgroup.com\/wp-content\/uploads\/2024\/03\/Jo-Malone-with-Tilly-her-Cavapoo-1024x683.jpg 1024w, https:\/\/swissvetgroup.com\/wp-content\/uploads\/2024\/03\/Jo-Malone-with-Tilly-her-Cavapoo-300x200.jpg 300w, https:\/\/swissvetgroup.com\/wp-content\/uploads\/2024\/03\/Jo-Malone-with-Tilly-her-Cavapoo-768x512.jpg 768w, https:\/\/swissvetgroup.com\/wp-content\/uploads\/2024\/03\/Jo-Malone-with-Tilly-her-Cavapoo-1536x1024.jpg 1536w, https:\/\/swissvetgroup.com\/wp-content\/uploads\/2024\/03\/Jo-Malone-with-Tilly-her-Cavapoo.jpg 1600w\" sizes=\"auto, (max-width: 1024px) 100vw, 1024px\" \/><\/figure>\n\n\n\n<figure class=\"wp-block-image size-large\"><img loading=\"lazy\" decoding=\"async\" width=\"1024\" height=\"683\" data-id=\"4580\" src=\"https:\/\/swissvetgroup.com\/wp-content\/uploads\/2024\/03\/Jo-Malone-chatting-with-a-colleague-in-York-1024x683.jpg\" alt=\"Jo-Malone-chatting-with-a-colleague-in-York.jpg\n\" class=\"wp-image-4580\" srcset=\"https:\/\/swissvetgroup.com\/wp-content\/uploads\/2024\/03\/Jo-Malone-chatting-with-a-colleague-in-York-1024x683.jpg 1024w, https:\/\/swissvetgroup.com\/wp-content\/uploads\/2024\/03\/Jo-Malone-chatting-with-a-colleague-in-York-300x200.jpg 300w, https:\/\/swissvetgroup.com\/wp-content\/uploads\/2024\/03\/Jo-Malone-chatting-with-a-colleague-in-York-768x512.jpg 768w, https:\/\/swissvetgroup.com\/wp-content\/uploads\/2024\/03\/Jo-Malone-chatting-with-a-colleague-in-York-1536x1024.jpg 1536w, https:\/\/swissvetgroup.com\/wp-content\/uploads\/2024\/03\/Jo-Malone-chatting-with-a-colleague-in-York.jpg 1600w\" sizes=\"auto, (max-width: 1024px) 100vw, 1024px\" \/><\/figure>\n<\/figure>\n","protected":false},"excerpt":{"rendered":"<p>SWISSVET GROUP wurde 2017 in Lausanne (Schweiz) gegr\u00fcndet und ist ein Netzwerk von Tierarztpraxen. Unsere Praxen bieten Haustieren eine ausgezeichnete medizinische Versorgung und modernste Behandlungsm\u00f6glichkeiten. Eine pers\u00f6nliche Betreuung der Besitzer und ein offenes Ohr f\u00fcr deren Fragen oder Sorgen sind selbstverst\u00e4ndlich. Jede Praxis ist einzigartig, sei es was ihre Gr\u00f6sse, ihre Funktionsweise, ihre Infrastruktur oder<a class=\"excerpt-read-more\" href=\"https:\/\/swissvetgroup.com\/de\/ueber-uns\/\" title=\"Read\u00dcber uns\">&#8230; Read more &raquo;<\/a><\/p>\n","protected":false},"author":11,"featured_media":0,"parent":0,"menu_order":0,"comment_status":"closed","ping_status":"closed","template":"","meta":{"_acf_changed":false,"footnotes":""},"class_list":["post-4624","page","type-page","status-publish","hentry"],"acf":[],"yoast_head":"<!-- This site is optimized with the Yoast SEO plugin v27.0 - https:\/\/yoast.com\/product\/yoast-seo-wordpress\/ -->\n<title>\u00dcber uns - Swissvet Group<\/title>\n<meta name=\"description\" content=\"Wir bieten den Eigent\u00fcmern von Tierpraxen die M\u00f6glichkeit, sich voll auf ihren Beruf zu konzentrieren und doch weiterhin ihr eigener Chef zu bleiben.\" \/>\n<meta name=\"robots\" content=\"index, follow, max-snippet:-1, max-image-preview:large, max-video-preview:-1\" \/>\n<link rel=\"canonical\" href=\"https:\/\/swissvetgroup.com\/de\/ueber-uns\/\" \/>\n<meta property=\"og:locale\" content=\"de_DE\" \/>\n<meta property=\"og:type\" content=\"article\" \/>\n<meta property=\"og:title\" content=\"\u00dcber uns - Swissvet Group\" \/>\n<meta property=\"og:description\" content=\"Wir bieten den Eigent\u00fcmern von Tierpraxen die M\u00f6glichkeit, sich voll auf ihren Beruf zu konzentrieren und doch weiterhin ihr eigener Chef zu bleiben.\" \/>\n<meta property=\"og:url\" content=\"https:\/\/swissvetgroup.com\/de\/ueber-uns\/\" \/>\n<meta property=\"og:site_name\" content=\"Swissvet Group\" \/>\n<meta property=\"article:modified_time\" content=\"2024-04-30T13:31:23+00:00\" \/>\n<meta property=\"og:image\" content=\"https:\/\/swissvetgroup.com\/wp-content\/uploads\/2022\/01\/156199109_726889418024894_7282373700336908443_n-1024x1024.jpeg\" \/>\n<meta name=\"twitter:card\" content=\"summary_large_image\" \/>\n<meta name=\"twitter:label1\" content=\"Gesch\u00e4tzte Lesezeit\" \/>\n\t<meta name=\"twitter:data1\" content=\"4\u00a0Minuten\" \/>\n<script type=\"application\/ld+json\" class=\"yoast-schema-graph\">{\"@context\":\"https:\/\/schema.org\",\"@graph\":[{\"@type\":\"WebPage\",\"@id\":\"https:\/\/swissvetgroup.com\/de\/ueber-uns\/\",\"url\":\"https:\/\/swissvetgroup.com\/de\/ueber-uns\/\",\"name\":\"\u00dcber uns - Swissvet Group\",\"isPartOf\":{\"@id\":\"https:\/\/swissvetgroup.com\/de\/#website\"},\"primaryImageOfPage\":{\"@id\":\"https:\/\/swissvetgroup.com\/de\/ueber-uns\/#primaryimage\"},\"image\":{\"@id\":\"https:\/\/swissvetgroup.com\/de\/ueber-uns\/#primaryimage\"},\"thumbnailUrl\":\"https:\/\/swissvetgroup.com\/wp-content\/uploads\/2022\/01\/156199109_726889418024894_7282373700336908443_n-1024x1024.jpeg\",\"datePublished\":\"2024-04-30T11:19:42+00:00\",\"dateModified\":\"2024-04-30T13:31:23+00:00\",\"description\":\"Wir bieten den Eigent\u00fcmern von Tierpraxen die M\u00f6glichkeit, sich voll auf ihren Beruf zu konzentrieren und doch weiterhin ihr eigener Chef zu bleiben.\",\"breadcrumb\":{\"@id\":\"https:\/\/swissvetgroup.com\/de\/ueber-uns\/#breadcrumb\"},\"inLanguage\":\"de\",\"potentialAction\":[{\"@type\":\"ReadAction\",\"target\":[\"https:\/\/swissvetgroup.com\/de\/ueber-uns\/\"]}]},{\"@type\":\"ImageObject\",\"inLanguage\":\"de\",\"@id\":\"https:\/\/swissvetgroup.com\/de\/ueber-uns\/#primaryimage\",\"url\":\"https:\/\/swissvetgroup.com\/wp-content\/uploads\/2022\/01\/156199109_726889418024894_7282373700336908443_n-1024x1024.jpeg\",\"contentUrl\":\"https:\/\/swissvetgroup.com\/wp-content\/uploads\/2022\/01\/156199109_726889418024894_7282373700336908443_n-1024x1024.jpeg\"},{\"@type\":\"BreadcrumbList\",\"@id\":\"https:\/\/swissvetgroup.com\/de\/ueber-uns\/#breadcrumb\",\"itemListElement\":[{\"@type\":\"ListItem\",\"position\":1,\"name\":\"Home\",\"item\":\"https:\/\/swissvetgroup.com\/de\/\"},{\"@type\":\"ListItem\",\"position\":2,\"name\":\"\u00dcber uns\"}]},{\"@type\":\"WebSite\",\"@id\":\"https:\/\/swissvetgroup.com\/de\/#website\",\"url\":\"https:\/\/swissvetgroup.com\/de\/\",\"name\":\"Swissvet Group\",\"description\":\"R\u00e9seau de v\u00e9t\u00e9rinaire en Suisse\",\"publisher\":{\"@id\":\"https:\/\/swissvetgroup.com\/de\/#organization\"},\"potentialAction\":[{\"@type\":\"SearchAction\",\"target\":{\"@type\":\"EntryPoint\",\"urlTemplate\":\"https:\/\/swissvetgroup.com\/de\/?s={search_term_string}\"},\"query-input\":{\"@type\":\"PropertyValueSpecification\",\"valueRequired\":true,\"valueName\":\"search_term_string\"}}],\"inLanguage\":\"de\"},{\"@type\":\"Organization\",\"@id\":\"https:\/\/swissvetgroup.com\/de\/#organization\",\"name\":\"SWISSVET GROUP\",\"url\":\"https:\/\/swissvetgroup.com\/de\/\",\"logo\":{\"@type\":\"ImageObject\",\"inLanguage\":\"de\",\"@id\":\"https:\/\/swissvetgroup.com\/de\/#\/schema\/logo\/image\/\",\"url\":\"https:\/\/swissvetgroup.com\/wp-content\/uploads\/2021\/05\/SVG_logo_v.svg\",\"contentUrl\":\"https:\/\/swissvetgroup.com\/wp-content\/uploads\/2021\/05\/SVG_logo_v.svg\",\"width\":512,\"height\":668,\"caption\":\"SWISSVET GROUP\"},\"image\":{\"@id\":\"https:\/\/swissvetgroup.com\/de\/#\/schema\/logo\/image\/\"}}]}<\/script>\n<!-- \/ Yoast SEO plugin. -->","yoast_head_json":{"title":"\u00dcber uns - Swissvet Group","description":"Wir bieten den Eigent\u00fcmern von Tierpraxen die M\u00f6glichkeit, sich voll auf ihren Beruf zu konzentrieren und doch weiterhin ihr eigener Chef zu bleiben.","robots":{"index":"index","follow":"follow","max-snippet":"max-snippet:-1","max-image-preview":"max-image-preview:large","max-video-preview":"max-video-preview:-1"},"canonical":"https:\/\/swissvetgroup.com\/de\/ueber-uns\/","og_locale":"de_DE","og_type":"article","og_title":"\u00dcber uns - Swissvet Group","og_description":"Wir bieten den Eigent\u00fcmern von Tierpraxen die M\u00f6glichkeit, sich voll auf ihren Beruf zu konzentrieren und doch weiterhin ihr eigener Chef zu bleiben.","og_url":"https:\/\/swissvetgroup.com\/de\/ueber-uns\/","og_site_name":"Swissvet Group","article_modified_time":"2024-04-30T13:31:23+00:00","og_image":[{"url":"https:\/\/swissvetgroup.com\/wp-content\/uploads\/2022\/01\/156199109_726889418024894_7282373700336908443_n-1024x1024.jpeg","type":"","width":"","height":""}],"twitter_card":"summary_large_image","twitter_misc":{"Gesch\u00e4tzte Lesezeit":"4\u00a0Minuten"},"schema":{"@context":"https:\/\/schema.org","@graph":[{"@type":"WebPage","@id":"https:\/\/swissvetgroup.com\/de\/ueber-uns\/","url":"https:\/\/swissvetgroup.com\/de\/ueber-uns\/","name":"\u00dcber uns - Swissvet Group","isPartOf":{"@id":"https:\/\/swissvetgroup.com\/de\/#website"},"primaryImageOfPage":{"@id":"https:\/\/swissvetgroup.com\/de\/ueber-uns\/#primaryimage"},"image":{"@id":"https:\/\/swissvetgroup.com\/de\/ueber-uns\/#primaryimage"},"thumbnailUrl":"https:\/\/swissvetgroup.com\/wp-content\/uploads\/2022\/01\/156199109_726889418024894_7282373700336908443_n-1024x1024.jpeg","datePublished":"2024-04-30T11:19:42+00:00","dateModified":"2024-04-30T13:31:23+00:00","description":"Wir bieten den Eigent\u00fcmern von Tierpraxen die M\u00f6glichkeit, sich voll auf ihren Beruf zu konzentrieren und doch weiterhin ihr eigener Chef zu bleiben.","breadcrumb":{"@id":"https:\/\/swissvetgroup.com\/de\/ueber-uns\/#breadcrumb"},"inLanguage":"de","potentialAction":[{"@type":"ReadAction","target":["https:\/\/swissvetgroup.com\/de\/ueber-uns\/"]}]},{"@type":"ImageObject","inLanguage":"de","@id":"https:\/\/swissvetgroup.com\/de\/ueber-uns\/#primaryimage","url":"https:\/\/swissvetgroup.com\/wp-content\/uploads\/2022\/01\/156199109_726889418024894_7282373700336908443_n-1024x1024.jpeg","contentUrl":"https:\/\/swissvetgroup.com\/wp-content\/uploads\/2022\/01\/156199109_726889418024894_7282373700336908443_n-1024x1024.jpeg"},{"@type":"BreadcrumbList","@id":"https:\/\/swissvetgroup.com\/de\/ueber-uns\/#breadcrumb","itemListElement":[{"@type":"ListItem","position":1,"name":"Home","item":"https:\/\/swissvetgroup.com\/de\/"},{"@type":"ListItem","position":2,"name":"\u00dcber uns"}]},{"@type":"WebSite","@id":"https:\/\/swissvetgroup.com\/de\/#website","url":"https:\/\/swissvetgroup.com\/de\/","name":"Swissvet Group","description":"R\u00e9seau de v\u00e9t\u00e9rinaire en Suisse","publisher":{"@id":"https:\/\/swissvetgroup.com\/de\/#organization"},"potentialAction":[{"@type":"SearchAction","target":{"@type":"EntryPoint","urlTemplate":"https:\/\/swissvetgroup.com\/de\/?s={search_term_string}"},"query-input":{"@type":"PropertyValueSpecification","valueRequired":true,"valueName":"search_term_string"}}],"inLanguage":"de"},{"@type":"Organization","@id":"https:\/\/swissvetgroup.com\/de\/#organization","name":"SWISSVET GROUP","url":"https:\/\/swissvetgroup.com\/de\/","logo":{"@type":"ImageObject","inLanguage":"de","@id":"https:\/\/swissvetgroup.com\/de\/#\/schema\/logo\/image\/","url":"https:\/\/swissvetgroup.com\/wp-content\/uploads\/2021\/05\/SVG_logo_v.svg","contentUrl":"https:\/\/swissvetgroup.com\/wp-content\/uploads\/2021\/05\/SVG_logo_v.svg","width":512,"height":668,"caption":"SWISSVET GROUP"},"image":{"@id":"https:\/\/swissvetgroup.com\/de\/#\/schema\/logo\/image\/"}}]}},"_links":{"self":[{"href":"https:\/\/swissvetgroup.com\/de\/wp-json\/wp\/v2\/pages\/4624","targetHints":{"allow":["GET"]}}],"collection":[{"href":"https:\/\/swissvetgroup.com\/de\/wp-json\/wp\/v2\/pages"}],"about":[{"href":"https:\/\/swissvetgroup.com\/de\/wp-json\/wp\/v2\/types\/page"}],"author":[{"embeddable":true,"href":"https:\/\/swissvetgroup.com\/de\/wp-json\/wp\/v2\/users\/11"}],"replies":[{"embeddable":true,"href":"https:\/\/swissvetgroup.com\/de\/wp-json\/wp\/v2\/comments?post=4624"}],"version-history":[{"count":1,"href":"https:\/\/swissvetgroup.com\/de\/wp-json\/wp\/v2\/pages\/4624\/revisions"}],"predecessor-version":[{"id":4666,"href":"https:\/\/swissvetgroup.com\/de\/wp-json\/wp\/v2\/pages\/4624\/revisions\/4666"}],"wp:attachment":[{"href":"https:\/\/swissvetgroup.com\/de\/wp-json\/wp\/v2\/media?parent=4624"}],"curies":[{"name":"wp","href":"https:\/\/api.w.org\/{rel}","templated":true}]}}